{"id":16316,"date":"2021-06-14T09:29:54","date_gmt":"2021-06-14T07:29:54","guid":{"rendered":"https:\/\/www.dascenzobike.it\/wordpress\/?post_type=product&#038;p=16316"},"modified":"2021-06-14T12:01:44","modified_gmt":"2021-06-14T10:01:44","slug":"copertoncino-vittoria-corsa-control","status":"publish","type":"product","link":"https:\/\/www.dascenzobike.it\/wordpress\/prodotto\/copertoncino-vittoria-corsa-control\/","title":{"rendered":"Copertoncino Vittoria Corsa Control"},"content":{"rendered":"<div class=\"uk-width-1-1 uk-width-1-3@m productFullDetail-module-column-3Gt uk-grid-margin uk-first-column\">Battistrada in grafene pi\u00f9 spesso per maggiore protezione dalle forature.<\/div>\n<div class=\"uk-width-1-1 uk-width-1-3@m productFullDetail-module-column-3Gt uk-grid-margin\">Carcassa in cotone per aderenza costante al suolo e comfort di guida massimo.<\/div>\n<div class=\"uk-width-1-1 uk-width-1-3@m productFullDetail-module-column-3Gt uk-grid-margin\">Il copertoncino vincente alla Strade Bianche 2021 e Gent-Wevelgem 2021.<\/div>\n<div>Per ogni richiesta, Vittoria ha una risposta ad hoc: con il Corsa Control puoi affrontare il pav\u00e8 pi\u00f9 scivoloso e le strade pi\u00f9 scostanti in tranquillit\u00e0 e sicurezza. Oltre alla carcassa rinforzata Corespun-K 320 TPI, e alla tecnologia 4C grafene, il Corsa Control \u00e8 dotato anche di un disegno pi\u00f9 aggressivo del battistrata sui lati, che permette migliori prestazioni della gomma, maggior grip su superfici particolarmente scivolose oltre che a una maggior durabilit\u00e0.<\/div>\n","protected":false},"excerpt":{"rendered":"<p>Battistrada in grafene pi\u00f9 spesso per maggiore protezione dalle forature. Carcassa in cotone per aderenza costante al suolo e comfort [&hellip;]<\/p>\n","protected":false},"featured_media":16318,"template":"","meta":{"site-sidebar-layout":"default","site-content-layout":"","ast-site-content-layout":"default","site-content-style":"default","site-sidebar-style":"default","ast-global-header-display":"","ast-banner-title-visibility":"","ast-main-header-display":"","ast-hfb-above-header-display":"","ast-hfb-below-header-display":"","ast-hfb-mobile-header-display":"","site-post-title":"","ast-breadcrumbs-content":"","ast-featured-img":"","footer-sml-layout":"","ast-disable-related-posts":"","theme-transparent-header-meta":"","adv-header-id-meta":"","stick-header-meta":"","header-above-stick-meta":"","header-main-stick-meta":"","header-below-stick-meta":"","astra-migrate-meta-layouts":"default","ast-page-background-enabled":"default","ast-page-background-meta":{"desktop":{"background-color":"var(--ast-global-color-4)","background-image":"","background-repeat":"repeat","background-position":"center center","background-size":"auto","background-attachment":"scroll","background-type":"","background-media":"","overlay-type":"","overlay-color":"","overlay-opacity":"","overlay-gradient":""},"tablet":{"background-color":"","background-image":"","background-repeat":"repeat","background-position":"center center","background-size":"auto","background-attachment":"scroll","background-type":"","background-media":"","overlay-type":"","overlay-color":"","overlay-opacity":"","overlay-gradient":""},"mobile":{"background-color":"","background-image":"","background-repeat":"repeat","background-position":"center center","background-size":"auto","background-attachment":"scroll","background-type":"","background-media":"","overlay-type":"","overlay-color":"","overlay-opacity":"","overlay-gradient":""}},"ast-content-background-meta":{"desktop":{"background-color":"var(--ast-global-color-5)","background-image":"","background-repeat":"repeat","background-position":"center center","background-size":"auto","background-attachment":"scroll","background-type":"","background-media":"","overlay-type":"","overlay-color":"","overlay-opacity":"","overlay-gradient":""},"tablet":{"background-color":"var(--ast-global-color-5)","background-image":"","background-repeat":"repeat","background-position":"center center","background-size":"auto","background-attachment":"scroll","background-type":"","background-media":"","overlay-type":"","overlay-color":"","overlay-opacity":"","overlay-gradient":""},"mobile":{"background-color":"var(--ast-global-color-5)","background-image":"","background-repeat":"repeat","background-position":"center center","background-size":"auto","background-attachment":"scroll","background-type":"","background-media":"","overlay-type":"","overlay-color":"","overlay-opacity":"","overlay-gradient":""}}},"product_brand":[],"product_cat":[46],"product_tag":[],"class_list":{"0":"post-16316","1":"product","2":"type-product","3":"status-publish","4":"has-post-thumbnail","6":"product_cat-coperture-bici-da-strada","7":"desktop-align-center","8":"tablet-align-center","9":"mobile-align-center","11":"first","12":"instock","13":"taxable","14":"shipping-taxable","15":"purchasable","16":"product-type-variable","17":"has-default-attributes"},"_links":{"self":[{"href":"https:\/\/www.dascenzobike.it\/wordpress\/wp-json\/wp\/v2\/product\/16316","targetHints":{"allow":["GET"]}}],"collection":[{"href":"https:\/\/www.dascenzobike.it\/wordpress\/wp-json\/wp\/v2\/product"}],"about":[{"href":"https:\/\/www.dascenzobike.it\/wordpress\/wp-json\/wp\/v2\/types\/product"}],"version-history":[{"count":0,"href":"https:\/\/www.dascenzobike.it\/wordpress\/wp-json\/wp\/v2\/product\/16316\/revisions"}],"wp:featuredmedia":[{"embeddable":true,"href":"https:\/\/www.dascenzobike.it\/wordpress\/wp-json\/wp\/v2\/media\/16318"}],"wp:attachment":[{"href":"https:\/\/www.dascenzobike.it\/wordpress\/wp-json\/wp\/v2\/media?parent=16316"}],"wp:term":[{"taxonomy":"product_brand","embeddable":true,"href":"https:\/\/www.dascenzobike.it\/wordpress\/wp-json\/wp\/v2\/product_brand?post=16316"},{"taxonomy":"product_cat","embeddable":true,"href":"https:\/\/www.dascenzobike.it\/wordpress\/wp-json\/wp\/v2\/product_cat?post=16316"},{"taxonomy":"product_tag","embeddable":true,"href":"https:\/\/www.dascenzobike.it\/wordpress\/wp-json\/wp\/v2\/product_tag?post=16316"}],"curies":[{"name":"wp","href":"https:\/\/api.w.org\/{rel}","templated":true}]}}