{"id":16546,"date":"2021-06-28T11:23:21","date_gmt":"2021-06-28T09:23:21","guid":{"rendered":"https:\/\/www.dascenzobike.it\/wordpress\/?post_type=product&#038;p=16546"},"modified":"2021-06-28T11:23:24","modified_gmt":"2021-06-28T09:23:24","slug":"tubolare-tufo-hi-composite-carbon-28","status":"publish","type":"product","link":"https:\/\/www.dascenzobike.it\/wordpress\/prodotto\/tubolare-tufo-hi-composite-carbon-28\/","title":{"rendered":"Tubolare Tufo Hi\u2013Composite Carbon 28&#8243;"},"content":{"rendered":"<p>L&#8217;applicazione di una tela composita antiforatura e di una mescola del battistrada in carbonio ad alto contenuto di compositi ha reso possibile l&#8217;utilizzo di un battistrada pi\u00f9 sottile mantenendo comunque un elevato chilometraggio. Il battistrada pi\u00f9 sottile riduce anche la resistenza al rotolamento mentre lo pneumatico mantiene le propriet\u00e0 di assorbimento degli urti ideali e un&#8217;elevata resistenza alle forature.<\/p>\n","protected":false},"excerpt":{"rendered":"<p>L&#8217;applicazione di una tela composita antiforatura e di una mescola del battistrada in carbonio ad alto contenuto di compositi ha [&hellip;]<\/p>\n","protected":false},"featured_media":16547,"template":"","meta":{"site-sidebar-layout":"default","site-content-layout":"","ast-site-content-layout":"default","site-content-style":"default","site-sidebar-style":"default","ast-global-header-display":"","ast-banner-title-visibility":"","ast-main-header-display":"","ast-hfb-above-header-display":"","ast-hfb-below-header-display":"","ast-hfb-mobile-header-display":"","site-post-title":"","ast-breadcrumbs-content":"","ast-featured-img":"","footer-sml-layout":"","ast-disable-related-posts":"","theme-transparent-header-meta":"","adv-header-id-meta":"","stick-header-meta":"","header-above-stick-meta":"","header-main-stick-meta":"","header-below-stick-meta":"","astra-migrate-meta-layouts":"default","ast-page-background-enabled":"default","ast-page-background-meta":{"desktop":{"background-color":"var(--ast-global-color-4)","background-image":"","background-repeat":"repeat","background-position":"center center","background-size":"auto","background-attachment":"scroll","background-type":"","background-media":"","overlay-type":"","overlay-color":"","overlay-opacity":"","overlay-gradient":""},"tablet":{"background-color":"","background-image":"","background-repeat":"repeat","background-position":"center center","background-size":"auto","background-attachment":"scroll","background-type":"","background-media":"","overlay-type":"","overlay-color":"","overlay-opacity":"","overlay-gradient":""},"mobile":{"background-color":"","background-image":"","background-repeat":"repeat","background-position":"center center","background-size":"auto","background-attachment":"scroll","background-type":"","background-media":"","overlay-type":"","overlay-color":"","overlay-opacity":"","overlay-gradient":""}},"ast-content-background-meta":{"desktop":{"background-color":"var(--ast-global-color-5)","background-image":"","background-repeat":"repeat","background-position":"center center","background-size":"auto","background-attachment":"scroll","background-type":"","background-media":"","overlay-type":"","overlay-color":"","overlay-opacity":"","overlay-gradient":""},"tablet":{"background-color":"var(--ast-global-color-5)","background-image":"","background-repeat":"repeat","background-position":"center center","background-size":"auto","background-attachment":"scroll","background-type":"","background-media":"","overlay-type":"","overlay-color":"","overlay-opacity":"","overlay-gradient":""},"mobile":{"background-color":"var(--ast-global-color-5)","background-image":"","background-repeat":"repeat","background-position":"center center","background-size":"auto","background-attachment":"scroll","background-type":"","background-media":"","overlay-type":"","overlay-color":"","overlay-opacity":"","overlay-gradient":""}}},"product_brand":[],"product_cat":[46],"product_tag":[],"class_list":{"0":"post-16546","1":"product","2":"type-product","3":"status-publish","4":"has-post-thumbnail","6":"product_cat-coperture-bici-da-strada","7":"desktop-align-center","8":"tablet-align-center","9":"mobile-align-center","11":"first","12":"instock","13":"taxable","14":"shipping-taxable","15":"purchasable","16":"product-type-simple"},"_links":{"self":[{"href":"https:\/\/www.dascenzobike.it\/wordpress\/wp-json\/wp\/v2\/product\/16546","targetHints":{"allow":["GET"]}}],"collection":[{"href":"https:\/\/www.dascenzobike.it\/wordpress\/wp-json\/wp\/v2\/product"}],"about":[{"href":"https:\/\/www.dascenzobike.it\/wordpress\/wp-json\/wp\/v2\/types\/product"}],"version-history":[{"count":0,"href":"https:\/\/www.dascenzobike.it\/wordpress\/wp-json\/wp\/v2\/product\/16546\/revisions"}],"wp:featuredmedia":[{"embeddable":true,"href":"https:\/\/www.dascenzobike.it\/wordpress\/wp-json\/wp\/v2\/media\/16547"}],"wp:attachment":[{"href":"https:\/\/www.dascenzobike.it\/wordpress\/wp-json\/wp\/v2\/media?parent=16546"}],"wp:term":[{"taxonomy":"product_brand","embeddable":true,"href":"https:\/\/www.dascenzobike.it\/wordpress\/wp-json\/wp\/v2\/product_brand?post=16546"},{"taxonomy":"product_cat","embeddable":true,"href":"https:\/\/www.dascenzobike.it\/wordpress\/wp-json\/wp\/v2\/product_cat?post=16546"},{"taxonomy":"product_tag","embeddable":true,"href":"https:\/\/www.dascenzobike.it\/wordpress\/wp-json\/wp\/v2\/product_tag?post=16546"}],"curies":[{"name":"wp","href":"https:\/\/api.w.org\/{rel}","templated":true}]}}