{"id":1809,"date":"2019-03-10T19:38:21","date_gmt":"2019-03-10T18:38:21","guid":{"rendered":"http:\/\/www.dascenzobike.it\/wordpress\/?post_type=product&#038;p=1809"},"modified":"2019-06-13T21:33:58","modified_gmt":"2019-06-13T19:33:58","slug":"maxxis-crossmark-ii-exo-tr-29-x-2-25-60-tpi-pieghevole-dual","status":"publish","type":"product","link":"https:\/\/www.dascenzobike.it\/wordpress\/prodotto\/maxxis-crossmark-ii-exo-tr-29-x-2-25-60-tpi-pieghevole-dual\/","title":{"rendered":"Maxxis Crossmark II exo tr 29 x 2.25 60 tpi pieghevole dual"},"content":{"rendered":"<p>Il CrossMark II migliora in velocit\u00e0 rispetto al suo predecessore anche migliorando la tenuta in condizioni di aderenza medie. La leggendaria cresta centrale vi far\u00e0 sempre volare sui terreni compatti e il disegno aggiornato del battistrada fornir\u00e0 una migliore tenuta in frenata e in curva su diverse condizioni nei sentieri. \u00c8 una scelta sicura se si vuole andare veloci ovunque.<br \/>\n&#8211; Terreni compatti, smossi sopra superfici dure e mediamente dure.<br \/>\n&#8211; Controllo in curva (3 quadratini rossi)<br \/>\n&#8211; Scorrevolezza (3 quadratini rossi)<br \/>\n&#8211; Tappi centrali ben ravvicinati per favorire la velocit\u00e0 sui terreni compatti.<br \/>\n&#8211; Tappi distanziati sulle spalle per essere versatile nelle curve.<br \/>\n&#8211; Disegnato per la velocit\u00e0 e perfezionato per il controllo.<br \/>\nMisura: 29 x 2.25 57-584<br \/>\nTPI 60<br \/>\nTallone: Pieghevole<br \/>\nPeso: 755<br \/>\nMescola: Doppia<br \/>\nTech: EXO\/TR <\/p>\n","protected":false},"excerpt":{"rendered":"<p>Il CrossMark II migliora in velocit\u00e0 rispetto al suo predecessore anche migliorando la tenuta in condizioni di aderenza medie. La [&hellip;]<\/p>\n","protected":false},"featured_media":1810,"template":"","meta":{"site-sidebar-layout":"default","site-content-layout":"","ast-site-content-layout":"default","site-content-style":"default","site-sidebar-style":"default","ast-global-header-display":"","ast-banner-title-visibility":"","ast-main-header-display":"","ast-hfb-above-header-display":"","ast-hfb-below-header-display":"","ast-hfb-mobile-header-display":"","site-post-title":"","ast-breadcrumbs-content":"","ast-featured-img":"","footer-sml-layout":"","ast-disable-related-posts":"","theme-transparent-header-meta":"","adv-header-id-meta":"","stick-header-meta":"","header-above-stick-meta":"","header-main-stick-meta":"","header-below-stick-meta":"","astra-migrate-meta-layouts":"default","ast-page-background-enabled":"default","ast-page-background-meta":{"desktop":{"background-color":"var(--ast-global-color-4)","background-image":"","background-repeat":"repeat","background-position":"center center","background-size":"auto","background-attachment":"scroll","background-type":"","background-media":"","overlay-type":"","overlay-color":"","overlay-opacity":"","overlay-gradient":""},"tablet":{"background-color":"","background-image":"","background-repeat":"repeat","background-position":"center center","background-size":"auto","background-attachment":"scroll","background-type":"","background-media":"","overlay-type":"","overlay-color":"","overlay-opacity":"","overlay-gradient":""},"mobile":{"background-color":"","background-image":"","background-repeat":"repeat","background-position":"center center","background-size":"auto","background-attachment":"scroll","background-type":"","background-media":"","overlay-type":"","overlay-color":"","overlay-opacity":"","overlay-gradient":""}},"ast-content-background-meta":{"desktop":{"background-color":"var(--ast-global-color-5)","background-image":"","background-repeat":"repeat","background-position":"center center","background-size":"auto","background-attachment":"scroll","background-type":"","background-media":"","overlay-type":"","overlay-color":"","overlay-opacity":"","overlay-gradient":""},"tablet":{"background-color":"var(--ast-global-color-5)","background-image":"","background-repeat":"repeat","background-position":"center center","background-size":"auto","background-attachment":"scroll","background-type":"","background-media":"","overlay-type":"","overlay-color":"","overlay-opacity":"","overlay-gradient":""},"mobile":{"background-color":"var(--ast-global-color-5)","background-image":"","background-repeat":"repeat","background-position":"center center","background-size":"auto","background-attachment":"scroll","background-type":"","background-media":"","overlay-type":"","overlay-color":"","overlay-opacity":"","overlay-gradient":""}}},"product_brand":[],"product_cat":[45],"product_tag":[89],"class_list":{"0":"post-1809","1":"product","2":"type-product","3":"status-publish","4":"has-post-thumbnail","6":"product_cat-copertura-mtb","7":"product_tag-maxxis-crossmark-ii-exo-tr-29-x-2-25-60-tpi-pieghevole-dual","8":"desktop-align-center","9":"tablet-align-center","10":"mobile-align-center","12":"first","13":"instock","14":"taxable","15":"shipping-taxable","16":"purchasable","17":"product-type-simple"},"_links":{"self":[{"href":"https:\/\/www.dascenzobike.it\/wordpress\/wp-json\/wp\/v2\/product\/1809","targetHints":{"allow":["GET"]}}],"collection":[{"href":"https:\/\/www.dascenzobike.it\/wordpress\/wp-json\/wp\/v2\/product"}],"about":[{"href":"https:\/\/www.dascenzobike.it\/wordpress\/wp-json\/wp\/v2\/types\/product"}],"version-history":[{"count":0,"href":"https:\/\/www.dascenzobike.it\/wordpress\/wp-json\/wp\/v2\/product\/1809\/revisions"}],"wp:featuredmedia":[{"embeddable":true,"href":"https:\/\/www.dascenzobike.it\/wordpress\/wp-json\/wp\/v2\/media\/1810"}],"wp:attachment":[{"href":"https:\/\/www.dascenzobike.it\/wordpress\/wp-json\/wp\/v2\/media?parent=1809"}],"wp:term":[{"taxonomy":"product_brand","embeddable":true,"href":"https:\/\/www.dascenzobike.it\/wordpress\/wp-json\/wp\/v2\/product_brand?post=1809"},{"taxonomy":"product_cat","embeddable":true,"href":"https:\/\/www.dascenzobike.it\/wordpress\/wp-json\/wp\/v2\/product_cat?post=1809"},{"taxonomy":"product_tag","embeddable":true,"href":"https:\/\/www.dascenzobike.it\/wordpress\/wp-json\/wp\/v2\/product_tag?post=1809"}],"curies":[{"name":"wp","href":"https:\/\/api.w.org\/{rel}","templated":true}]}}