{"id":18812,"date":"2022-10-19T11:11:35","date_gmt":"2022-10-19T09:11:35","guid":{"rendered":"https:\/\/www.dascenzobike.it\/wordpress\/?post_type=product&#038;p=18812"},"modified":"2022-12-03T16:35:56","modified_gmt":"2022-12-03T15:35:56","slug":"bryton-rider-15-neo-e","status":"publish","type":"product","link":"https:\/\/www.dascenzobike.it\/wordpress\/prodotto\/bryton-rider-15-neo-e\/","title":{"rendered":"Bryton Rider 15 neo E"},"content":{"rendered":"<p>Rider 15 neo \u00e8 il compagno ottimo per le tue pedalate. Facilissimo da impostare, tutto ci\u00f2 che devi fare \u00e8 accenderlo e partire perch\u00e9 tenga traccia di tutte le tue attivit\u00e0. Dispositivo bryton calibra automaticamente l&#8217;altitudine via GPS: una volta preso il segnale, non necessita di impostazioni manuali e ti permetter\u00e0 di vedere in automatico I tuoi dati di guadagno e perdita altitudine. La lettura dei dati \u00e8 semplice grazie alla griglia allargata, personalizzabile via app, e ai valori numerici grandi sul display. Compatibile con I sensori dual ant+\/bluetooth, rider 15 neo pu\u00f2 connettersi all&#8217;app bryton active e condividere I tuoi itinerari su strava \/ relive.<\/p>\n","protected":false},"excerpt":{"rendered":"<p>Rider 15 neo \u00e8 il compagno ottimo per le tue pedalate. Facilissimo da impostare, tutto ci\u00f2 che devi fare \u00e8 [&hellip;]<\/p>\n","protected":false},"featured_media":18809,"template":"","meta":{"site-sidebar-layout":"default","site-content-layout":"","ast-site-content-layout":"default","site-content-style":"default","site-sidebar-style":"default","ast-global-header-display":"","ast-banner-title-visibility":"","ast-main-header-display":"","ast-hfb-above-header-display":"","ast-hfb-below-header-display":"","ast-hfb-mobile-header-display":"","site-post-title":"","ast-breadcrumbs-content":"","ast-featured-img":"","footer-sml-layout":"","ast-disable-related-posts":"","theme-transparent-header-meta":"","adv-header-id-meta":"","stick-header-meta":"","header-above-stick-meta":"","header-main-stick-meta":"","header-below-stick-meta":"","astra-migrate-meta-layouts":"default","ast-page-background-enabled":"default","ast-page-background-meta":{"desktop":{"background-color":"var(--ast-global-color-4)","background-image":"","background-repeat":"repeat","background-position":"center center","background-size":"auto","background-attachment":"scroll","background-type":"","background-media":"","overlay-type":"","overlay-color":"","overlay-opacity":"","overlay-gradient":""},"tablet":{"background-color":"","background-image":"","background-repeat":"repeat","background-position":"center center","background-size":"auto","background-attachment":"scroll","background-type":"","background-media":"","overlay-type":"","overlay-color":"","overlay-opacity":"","overlay-gradient":""},"mobile":{"background-color":"","background-image":"","background-repeat":"repeat","background-position":"center center","background-size":"auto","background-attachment":"scroll","background-type":"","background-media":"","overlay-type":"","overlay-color":"","overlay-opacity":"","overlay-gradient":""}},"ast-content-background-meta":{"desktop":{"background-color":"var(--ast-global-color-5)","background-image":"","background-repeat":"repeat","background-position":"center center","background-size":"auto","background-attachment":"scroll","background-type":"","background-media":"","overlay-type":"","overlay-color":"","overlay-opacity":"","overlay-gradient":""},"tablet":{"background-color":"var(--ast-global-color-5)","background-image":"","background-repeat":"repeat","background-position":"center center","background-size":"auto","background-attachment":"scroll","background-type":"","background-media":"","overlay-type":"","overlay-color":"","overlay-opacity":"","overlay-gradient":""},"mobile":{"background-color":"var(--ast-global-color-5)","background-image":"","background-repeat":"repeat","background-position":"center center","background-size":"auto","background-attachment":"scroll","background-type":"","background-media":"","overlay-type":"","overlay-color":"","overlay-opacity":"","overlay-gradient":""}}},"product_brand":[],"product_cat":[75],"product_tag":[],"class_list":{"0":"post-18812","1":"product","2":"type-product","3":"status-publish","4":"has-post-thumbnail","6":"product_cat-accessori","7":"desktop-align-center","8":"tablet-align-center","9":"mobile-align-center","11":"first","12":"instock","13":"sale","14":"taxable","15":"shipping-taxable","16":"purchasable","17":"product-type-simple"},"_links":{"self":[{"href":"https:\/\/www.dascenzobike.it\/wordpress\/wp-json\/wp\/v2\/product\/18812","targetHints":{"allow":["GET"]}}],"collection":[{"href":"https:\/\/www.dascenzobike.it\/wordpress\/wp-json\/wp\/v2\/product"}],"about":[{"href":"https:\/\/www.dascenzobike.it\/wordpress\/wp-json\/wp\/v2\/types\/product"}],"version-history":[{"count":0,"href":"https:\/\/www.dascenzobike.it\/wordpress\/wp-json\/wp\/v2\/product\/18812\/revisions"}],"wp:featuredmedia":[{"embeddable":true,"href":"https:\/\/www.dascenzobike.it\/wordpress\/wp-json\/wp\/v2\/media\/18809"}],"wp:attachment":[{"href":"https:\/\/www.dascenzobike.it\/wordpress\/wp-json\/wp\/v2\/media?parent=18812"}],"wp:term":[{"taxonomy":"product_brand","embeddable":true,"href":"https:\/\/www.dascenzobike.it\/wordpress\/wp-json\/wp\/v2\/product_brand?post=18812"},{"taxonomy":"product_cat","embeddable":true,"href":"https:\/\/www.dascenzobike.it\/wordpress\/wp-json\/wp\/v2\/product_cat?post=18812"},{"taxonomy":"product_tag","embeddable":true,"href":"https:\/\/www.dascenzobike.it\/wordpress\/wp-json\/wp\/v2\/product_tag?post=18812"}],"curies":[{"name":"wp","href":"https:\/\/api.w.org\/{rel}","templated":true}]}}