{"id":18876,"date":"2022-10-20T17:19:52","date_gmt":"2022-10-20T15:19:52","guid":{"rendered":"https:\/\/www.dascenzobike.it\/wordpress\/?post_type=product&#038;p=18876"},"modified":"2022-10-20T18:45:25","modified_gmt":"2022-10-20T16:45:25","slug":"shimano-deragliatore-posteriore-rd-4700-ss","status":"publish","type":"product","link":"https:\/\/www.dascenzobike.it\/wordpress\/prodotto\/shimano-deragliatore-posteriore-rd-4700-ss\/","title":{"rendered":"SHIMANO Deragliatore Posteriore RD-4700 SS"},"content":{"rendered":"<p>Il deragliatore posteriore SHIMANO Tiagra RD-4700 impressiona con un cambio fluido e leggero. \u00c8 progettato per le trasmissioni da strada a 10 velocit\u00e0 ed \u00e8 offerto con una gabbia corta o media. Il nuovo Tiagra a 10 velocit\u00e0 offre ambiziose prestazioni entry-level con molte tecnologie delle linee superiori.<\/p>\n","protected":false},"excerpt":{"rendered":"<p>Il deragliatore posteriore SHIMANO Tiagra RD-4700 impressiona con un cambio fluido e leggero. \u00c8 progettato per le trasmissioni da strada [&hellip;]<\/p>\n","protected":false},"featured_media":18877,"template":"","meta":{"site-sidebar-layout":"default","site-content-layout":"","ast-site-content-layout":"default","site-content-style":"default","site-sidebar-style":"default","ast-global-header-display":"","ast-banner-title-visibility":"","ast-main-header-display":"","ast-hfb-above-header-display":"","ast-hfb-below-header-display":"","ast-hfb-mobile-header-display":"","site-post-title":"","ast-breadcrumbs-content":"","ast-featured-img":"","footer-sml-layout":"","ast-disable-related-posts":"","theme-transparent-header-meta":"","adv-header-id-meta":"","stick-header-meta":"","header-above-stick-meta":"","header-main-stick-meta":"","header-below-stick-meta":"","astra-migrate-meta-layouts":"default","ast-page-background-enabled":"default","ast-page-background-meta":{"desktop":{"background-color":"var(--ast-global-color-4)","background-image":"","background-repeat":"repeat","background-position":"center center","background-size":"auto","background-attachment":"scroll","background-type":"","background-media":"","overlay-type":"","overlay-color":"","overlay-opacity":"","overlay-gradient":""},"tablet":{"background-color":"","background-image":"","background-repeat":"repeat","background-position":"center center","background-size":"auto","background-attachment":"scroll","background-type":"","background-media":"","overlay-type":"","overlay-color":"","overlay-opacity":"","overlay-gradient":""},"mobile":{"background-color":"","background-image":"","background-repeat":"repeat","background-position":"center center","background-size":"auto","background-attachment":"scroll","background-type":"","background-media":"","overlay-type":"","overlay-color":"","overlay-opacity":"","overlay-gradient":""}},"ast-content-background-meta":{"desktop":{"background-color":"var(--ast-global-color-5)","background-image":"","background-repeat":"repeat","background-position":"center center","background-size":"auto","background-attachment":"scroll","background-type":"","background-media":"","overlay-type":"","overlay-color":"","overlay-opacity":"","overlay-gradient":""},"tablet":{"background-color":"var(--ast-global-color-5)","background-image":"","background-repeat":"repeat","background-position":"center center","background-size":"auto","background-attachment":"scroll","background-type":"","background-media":"","overlay-type":"","overlay-color":"","overlay-opacity":"","overlay-gradient":""},"mobile":{"background-color":"var(--ast-global-color-5)","background-image":"","background-repeat":"repeat","background-position":"center center","background-size":"auto","background-attachment":"scroll","background-type":"","background-media":"","overlay-type":"","overlay-color":"","overlay-opacity":"","overlay-gradient":""}}},"product_brand":[],"product_cat":[49],"product_tag":[],"class_list":{"0":"post-18876","1":"product","2":"type-product","3":"status-publish","4":"has-post-thumbnail","6":"product_cat-componenti","7":"desktop-align-center","8":"tablet-align-center","9":"mobile-align-center","11":"first","12":"instock","13":"taxable","14":"shipping-taxable","15":"purchasable","16":"product-type-simple"},"_links":{"self":[{"href":"https:\/\/www.dascenzobike.it\/wordpress\/wp-json\/wp\/v2\/product\/18876","targetHints":{"allow":["GET"]}}],"collection":[{"href":"https:\/\/www.dascenzobike.it\/wordpress\/wp-json\/wp\/v2\/product"}],"about":[{"href":"https:\/\/www.dascenzobike.it\/wordpress\/wp-json\/wp\/v2\/types\/product"}],"version-history":[{"count":0,"href":"https:\/\/www.dascenzobike.it\/wordpress\/wp-json\/wp\/v2\/product\/18876\/revisions"}],"wp:featuredmedia":[{"embeddable":true,"href":"https:\/\/www.dascenzobike.it\/wordpress\/wp-json\/wp\/v2\/media\/18877"}],"wp:attachment":[{"href":"https:\/\/www.dascenzobike.it\/wordpress\/wp-json\/wp\/v2\/media?parent=18876"}],"wp:term":[{"taxonomy":"product_brand","embeddable":true,"href":"https:\/\/www.dascenzobike.it\/wordpress\/wp-json\/wp\/v2\/product_brand?post=18876"},{"taxonomy":"product_cat","embeddable":true,"href":"https:\/\/www.dascenzobike.it\/wordpress\/wp-json\/wp\/v2\/product_cat?post=18876"},{"taxonomy":"product_tag","embeddable":true,"href":"https:\/\/www.dascenzobike.it\/wordpress\/wp-json\/wp\/v2\/product_tag?post=18876"}],"curies":[{"name":"wp","href":"https:\/\/api.w.org\/{rel}","templated":true}]}}