{"id":18899,"date":"2022-10-20T17:40:33","date_gmt":"2022-10-20T15:40:33","guid":{"rendered":"https:\/\/www.dascenzobike.it\/wordpress\/?post_type=product&#038;p=18899"},"modified":"2022-10-20T18:54:49","modified_gmt":"2022-10-20T16:54:49","slug":"sram-catena-rival-12-velocita","status":"publish","type":"product","link":"https:\/\/www.dascenzobike.it\/wordpress\/prodotto\/sram-catena-rival-12-velocita\/","title":{"rendered":"SRAM Catena Rival 12 Velocit\u00e0"},"content":{"rendered":"<p>Sram Rival Catena 12v<br \/>\nCARATTERISTICHE<br \/>\n&#8211; Tecnologia Flattop: rende la catena pi\u00f9 leggera, pi\u00f9 resistente e pi\u00f9 silenziosa<br \/>\n&#8211; Maglie interne ed esterne Hard Chrome per cambiate pi\u00f9 precise e veloci<br \/>\nSPECIFICHE<br \/>\n&#8211; Utilizzo: Strada<br \/>\n&#8211; Velocit\u00e0: 12<br \/>\n&#8211; Compatibilit\u00e0 trasmissione: Sram<br \/>\n&#8211; Tipo chiusura: Falsamaglia (Flattop Powerlock)<br \/>\n&#8211; Lunghezza: 120 maglie<br \/>\n&#8211; Maglie forate: No<br \/>\n&#8211; Perni cavi: No<br \/>\n&#8211; Peso (produttore): 178 gr.<br \/>\n&#8211; Colore: Silver<\/p>\n<p>Consegnata in scatola o busta a seconda della fornitura.<\/p>\n<p>FLATTOP<br \/>\nLa nuova catena a 12 velocit\u00e0 Sram Red AXS ha un lato perfettamente piatto: questo ha permesso di ottenere una catena pi\u00f9 stretta ma resistente e leggera e di ampliare la gamma di ingranaggi, di rendere pi\u00f9 silenzioso il funzionamento della trasmissione e di aumentare la resistenza e la durata della catena.<\/p>\n<p>POWERLOCK<br \/>\nGli ingegneri di Sram hanno sviluppato PowerLock come un modo sicuro e facile per collegare le due estremit\u00e0 della catena. PowerLock non richiede attrezzi speciali per l&#8217;installazione.<\/p>\n","protected":false},"excerpt":{"rendered":"<p>Sram Rival Catena 12v CARATTERISTICHE &#8211; Tecnologia Flattop: rende la catena pi\u00f9 leggera, pi\u00f9 resistente e pi\u00f9 silenziosa &#8211; Maglie [&hellip;]<\/p>\n","protected":false},"featured_media":18900,"template":"","meta":{"site-sidebar-layout":"default","site-content-layout":"","ast-site-content-layout":"default","site-content-style":"default","site-sidebar-style":"default","ast-global-header-display":"","ast-banner-title-visibility":"","ast-main-header-display":"","ast-hfb-above-header-display":"","ast-hfb-below-header-display":"","ast-hfb-mobile-header-display":"","site-post-title":"","ast-breadcrumbs-content":"","ast-featured-img":"","footer-sml-layout":"","ast-disable-related-posts":"","theme-transparent-header-meta":"","adv-header-id-meta":"","stick-header-meta":"","header-above-stick-meta":"","header-main-stick-meta":"","header-below-stick-meta":"","astra-migrate-meta-layouts":"default","ast-page-background-enabled":"default","ast-page-background-meta":{"desktop":{"background-color":"var(--ast-global-color-4)","background-image":"","background-repeat":"repeat","background-position":"center center","background-size":"auto","background-attachment":"scroll","background-type":"","background-media":"","overlay-type":"","overlay-color":"","overlay-opacity":"","overlay-gradient":""},"tablet":{"background-color":"","background-image":"","background-repeat":"repeat","background-position":"center center","background-size":"auto","background-attachment":"scroll","background-type":"","background-media":"","overlay-type":"","overlay-color":"","overlay-opacity":"","overlay-gradient":""},"mobile":{"background-color":"","background-image":"","background-repeat":"repeat","background-position":"center center","background-size":"auto","background-attachment":"scroll","background-type":"","background-media":"","overlay-type":"","overlay-color":"","overlay-opacity":"","overlay-gradient":""}},"ast-content-background-meta":{"desktop":{"background-color":"var(--ast-global-color-5)","background-image":"","background-repeat":"repeat","background-position":"center center","background-size":"auto","background-attachment":"scroll","background-type":"","background-media":"","overlay-type":"","overlay-color":"","overlay-opacity":"","overlay-gradient":""},"tablet":{"background-color":"var(--ast-global-color-5)","background-image":"","background-repeat":"repeat","background-position":"center center","background-size":"auto","background-attachment":"scroll","background-type":"","background-media":"","overlay-type":"","overlay-color":"","overlay-opacity":"","overlay-gradient":""},"mobile":{"background-color":"var(--ast-global-color-5)","background-image":"","background-repeat":"repeat","background-position":"center center","background-size":"auto","background-attachment":"scroll","background-type":"","background-media":"","overlay-type":"","overlay-color":"","overlay-opacity":"","overlay-gradient":""}}},"product_brand":[],"product_cat":[49],"product_tag":[],"class_list":{"0":"post-18899","1":"product","2":"type-product","3":"status-publish","4":"has-post-thumbnail","6":"product_cat-componenti","7":"desktop-align-center","8":"tablet-align-center","9":"mobile-align-center","11":"first","12":"instock","13":"taxable","14":"shipping-taxable","15":"purchasable","16":"product-type-simple"},"_links":{"self":[{"href":"https:\/\/www.dascenzobike.it\/wordpress\/wp-json\/wp\/v2\/product\/18899","targetHints":{"allow":["GET"]}}],"collection":[{"href":"https:\/\/www.dascenzobike.it\/wordpress\/wp-json\/wp\/v2\/product"}],"about":[{"href":"https:\/\/www.dascenzobike.it\/wordpress\/wp-json\/wp\/v2\/types\/product"}],"version-history":[{"count":0,"href":"https:\/\/www.dascenzobike.it\/wordpress\/wp-json\/wp\/v2\/product\/18899\/revisions"}],"wp:featuredmedia":[{"embeddable":true,"href":"https:\/\/www.dascenzobike.it\/wordpress\/wp-json\/wp\/v2\/media\/18900"}],"wp:attachment":[{"href":"https:\/\/www.dascenzobike.it\/wordpress\/wp-json\/wp\/v2\/media?parent=18899"}],"wp:term":[{"taxonomy":"product_brand","embeddable":true,"href":"https:\/\/www.dascenzobike.it\/wordpress\/wp-json\/wp\/v2\/product_brand?post=18899"},{"taxonomy":"product_cat","embeddable":true,"href":"https:\/\/www.dascenzobike.it\/wordpress\/wp-json\/wp\/v2\/product_cat?post=18899"},{"taxonomy":"product_tag","embeddable":true,"href":"https:\/\/www.dascenzobike.it\/wordpress\/wp-json\/wp\/v2\/product_tag?post=18899"}],"curies":[{"name":"wp","href":"https:\/\/api.w.org\/{rel}","templated":true}]}}