{"id":18923,"date":"2022-10-25T16:09:08","date_gmt":"2022-10-25T14:09:08","guid":{"rendered":"https:\/\/www.dascenzobike.it\/wordpress\/?post_type=product&#038;p=18923"},"modified":"2022-10-25T16:59:45","modified_gmt":"2022-10-25T14:59:45","slug":"sram-catena-xx1-12-velocita-126-links","status":"publish","type":"product","link":"https:\/\/www.dascenzobike.it\/wordpress\/prodotto\/sram-catena-xx1-12-velocita-126-links\/","title":{"rendered":"SRAM Catena XX1 12 Velocit\u00e0 126 Links"},"content":{"rendered":"<p>Sram PC XX1 Eagle Gold Catena 12v (126 maglie)<\/p>\n<p>CARATTERISTICHE<\/p>\n<p>&#8211; Utilizzo: MTB<br \/>\n&#8211; Compatibilit\u00e0 trasmissione: Sram Eagle 12 velocit\u00e0<br \/>\n&#8211; Chiusura: Eagle PowerLock PVD<br \/>\n&#8211; Hollow Pin: pin forato<br \/>\n&#8211; Maglie: 126<br \/>\n&#8211; Peso (produttore): 250 gr.<br \/>\n&#8211; Colore: Gold (oro)<\/p>\n<p>FLOWLINK<br \/>\nLe maglie interne della catena sono ultra lisce e completamente prive di bordi affilati: il risultato \u00e8 il perfetto accoppiamento tra ingranaggi della cassetta e catena, con minore attrito, maggiore silenziosit\u00e0 e lunga durata. Il design \u00e8 pi\u00f9 stretto, capace di sopportare angolazioni superiori, oltre a ci\u00f2 ha le maglie esterne piatte che comportano una rivettatura pi\u00f9 robusta e resistenza superiore.<\/p>\n<p>HARD CHROME<br \/>\nNuovo processo di finitura che rende la catena molto pi\u00f9 resistente e durevole<\/p>\n<p>POWERLOCK PVD<br \/>\nApertura semplice senza attrezzi<\/p>\n<p>X-SYNC<br \/>\nCatena ottimizzata con la migliore tecnologia anticaduta al mondo<\/p>\n","protected":false},"excerpt":{"rendered":"<p>Sram PC XX1 Eagle Gold Catena 12v (126 maglie) CARATTERISTICHE &#8211; Utilizzo: MTB &#8211; Compatibilit\u00e0 trasmissione: Sram Eagle 12 velocit\u00e0 [&hellip;]<\/p>\n","protected":false},"featured_media":18924,"template":"","meta":{"site-sidebar-layout":"default","site-content-layout":"","ast-site-content-layout":"default","site-content-style":"default","site-sidebar-style":"default","ast-global-header-display":"","ast-banner-title-visibility":"","ast-main-header-display":"","ast-hfb-above-header-display":"","ast-hfb-below-header-display":"","ast-hfb-mobile-header-display":"","site-post-title":"","ast-breadcrumbs-content":"","ast-featured-img":"","footer-sml-layout":"","ast-disable-related-posts":"","theme-transparent-header-meta":"","adv-header-id-meta":"","stick-header-meta":"","header-above-stick-meta":"","header-main-stick-meta":"","header-below-stick-meta":"","astra-migrate-meta-layouts":"default","ast-page-background-enabled":"default","ast-page-background-meta":{"desktop":{"background-color":"var(--ast-global-color-4)","background-image":"","background-repeat":"repeat","background-position":"center center","background-size":"auto","background-attachment":"scroll","background-type":"","background-media":"","overlay-type":"","overlay-color":"","overlay-opacity":"","overlay-gradient":""},"tablet":{"background-color":"","background-image":"","background-repeat":"repeat","background-position":"center center","background-size":"auto","background-attachment":"scroll","background-type":"","background-media":"","overlay-type":"","overlay-color":"","overlay-opacity":"","overlay-gradient":""},"mobile":{"background-color":"","background-image":"","background-repeat":"repeat","background-position":"center center","background-size":"auto","background-attachment":"scroll","background-type":"","background-media":"","overlay-type":"","overlay-color":"","overlay-opacity":"","overlay-gradient":""}},"ast-content-background-meta":{"desktop":{"background-color":"var(--ast-global-color-5)","background-image":"","background-repeat":"repeat","background-position":"center center","background-size":"auto","background-attachment":"scroll","background-type":"","background-media":"","overlay-type":"","overlay-color":"","overlay-opacity":"","overlay-gradient":""},"tablet":{"background-color":"var(--ast-global-color-5)","background-image":"","background-repeat":"repeat","background-position":"center center","background-size":"auto","background-attachment":"scroll","background-type":"","background-media":"","overlay-type":"","overlay-color":"","overlay-opacity":"","overlay-gradient":""},"mobile":{"background-color":"var(--ast-global-color-5)","background-image":"","background-repeat":"repeat","background-position":"center center","background-size":"auto","background-attachment":"scroll","background-type":"","background-media":"","overlay-type":"","overlay-color":"","overlay-opacity":"","overlay-gradient":""}}},"product_brand":[],"product_cat":[49],"product_tag":[],"class_list":{"0":"post-18923","1":"product","2":"type-product","3":"status-publish","4":"has-post-thumbnail","6":"product_cat-componenti","7":"desktop-align-center","8":"tablet-align-center","9":"mobile-align-center","11":"first","12":"instock","13":"taxable","14":"shipping-taxable","15":"purchasable","16":"product-type-simple"},"_links":{"self":[{"href":"https:\/\/www.dascenzobike.it\/wordpress\/wp-json\/wp\/v2\/product\/18923","targetHints":{"allow":["GET"]}}],"collection":[{"href":"https:\/\/www.dascenzobike.it\/wordpress\/wp-json\/wp\/v2\/product"}],"about":[{"href":"https:\/\/www.dascenzobike.it\/wordpress\/wp-json\/wp\/v2\/types\/product"}],"version-history":[{"count":0,"href":"https:\/\/www.dascenzobike.it\/wordpress\/wp-json\/wp\/v2\/product\/18923\/revisions"}],"wp:featuredmedia":[{"embeddable":true,"href":"https:\/\/www.dascenzobike.it\/wordpress\/wp-json\/wp\/v2\/media\/18924"}],"wp:attachment":[{"href":"https:\/\/www.dascenzobike.it\/wordpress\/wp-json\/wp\/v2\/media?parent=18923"}],"wp:term":[{"taxonomy":"product_brand","embeddable":true,"href":"https:\/\/www.dascenzobike.it\/wordpress\/wp-json\/wp\/v2\/product_brand?post=18923"},{"taxonomy":"product_cat","embeddable":true,"href":"https:\/\/www.dascenzobike.it\/wordpress\/wp-json\/wp\/v2\/product_cat?post=18923"},{"taxonomy":"product_tag","embeddable":true,"href":"https:\/\/www.dascenzobike.it\/wordpress\/wp-json\/wp\/v2\/product_tag?post=18923"}],"curies":[{"name":"wp","href":"https:\/\/api.w.org\/{rel}","templated":true}]}}