{"id":19112,"date":"2022-10-28T11:39:10","date_gmt":"2022-10-28T09:39:10","guid":{"rendered":"https:\/\/www.dascenzobike.it\/wordpress\/?post_type=product&#038;p=19112"},"modified":"2022-10-28T12:11:58","modified_gmt":"2022-10-28T10:11:58","slug":"shimano-pacco-pignoni-hg500-10-10-velocita","status":"publish","type":"product","link":"https:\/\/www.dascenzobike.it\/wordpress\/prodotto\/shimano-pacco-pignoni-hg500-10-10-velocita\/","title":{"rendered":"SHIMANO Pacco Pignoni HG500-10 10 Velocit\u00e0"},"content":{"rendered":"<div class=\"dt-pestanias\">\n<div class=\"contenedor-descrplateral\">\n<div id=\"uno\" class=\"dt-descripcion colapsmobile \">\n<div id=\"demo0\" class=\"txt_programa \">\n<p class=\"parrafo\"><span id=\"desc\" class=\"addReadMore showlesscontent\">Il CS-HG500-10-velocit\u00e0 cassetta HG \u00e8 ottimizzato per CN-HG500 o HG-X 10 velocit\u00e0 \/ HG 10 velocit\u00e0 delle catene.<\/span><\/p>\n<p>Specifiche tecniche:<br \/>\n&#8211; rapporto marce: 11-13-15-18-21-24-28-32-37-42<br \/>\n&#8211; Materiale: Acciaio, nichelato<\/p>\n<p>Acquista il tuo\u00a0Shimano\u00a0Cassetta Deore CS-HG500-10\u00a0al minor prezzo! Il nostro negozio online per\u00a0ciclismo,\u00a0bikeinn\u00a0fa avverare i tuoi sogni! Trova\u00a0Componenti bici\u00a0a prezzi imbattibili. Dai uno sguardo alla nostra descrizione dettagliata con caratteristiche e recensioni di altri consumatori che hanno gi\u00e0 acquistato\u00a0Shimano\u00a0Cassetta Deore CS-HG500-10. Trova gli ultimi sconti e scopri tutti i nostri saldi sul nostro catalogo di\u00a0ciclismo a prezzi scontati favolosi!<\/p>\n<\/div>\n<\/div>\n<\/div>\n<div>\n<div class=\"loadbeeTabContent\" data-loadbee-apikey=\"9NSHbd4U6nkcD4TJTdmb8kRy6UsTYz4Y\" data-loadbee-gtin=\"4524667407515\" data-loadbee-locale=\"it_IT\"><\/div>\n<\/div>\n<\/div>\n","protected":false},"excerpt":{"rendered":"<p>Il CS-HG500-10-velocit\u00e0 cassetta HG \u00e8 ottimizzato per CN-HG500 o HG-X 10 velocit\u00e0 \/ HG 10 velocit\u00e0 delle catene. Specifiche tecniche: [&hellip;]<\/p>\n","protected":false},"featured_media":19115,"template":"","meta":{"site-sidebar-layout":"default","site-content-layout":"","ast-site-content-layout":"default","site-content-style":"default","site-sidebar-style":"default","ast-global-header-display":"","ast-banner-title-visibility":"","ast-main-header-display":"","ast-hfb-above-header-display":"","ast-hfb-below-header-display":"","ast-hfb-mobile-header-display":"","site-post-title":"","ast-breadcrumbs-content":"","ast-featured-img":"","footer-sml-layout":"","ast-disable-related-posts":"","theme-transparent-header-meta":"","adv-header-id-meta":"","stick-header-meta":"","header-above-stick-meta":"","header-main-stick-meta":"","header-below-stick-meta":"","astra-migrate-meta-layouts":"default","ast-page-background-enabled":"default","ast-page-background-meta":{"desktop":{"background-color":"var(--ast-global-color-4)","background-image":"","background-repeat":"repeat","background-position":"center center","background-size":"auto","background-attachment":"scroll","background-type":"","background-media":"","overlay-type":"","overlay-color":"","overlay-opacity":"","overlay-gradient":""},"tablet":{"background-color":"","background-image":"","background-repeat":"repeat","background-position":"center center","background-size":"auto","background-attachment":"scroll","background-type":"","background-media":"","overlay-type":"","overlay-color":"","overlay-opacity":"","overlay-gradient":""},"mobile":{"background-color":"","background-image":"","background-repeat":"repeat","background-position":"center center","background-size":"auto","background-attachment":"scroll","background-type":"","background-media":"","overlay-type":"","overlay-color":"","overlay-opacity":"","overlay-gradient":""}},"ast-content-background-meta":{"desktop":{"background-color":"var(--ast-global-color-5)","background-image":"","background-repeat":"repeat","background-position":"center center","background-size":"auto","background-attachment":"scroll","background-type":"","background-media":"","overlay-type":"","overlay-color":"","overlay-opacity":"","overlay-gradient":""},"tablet":{"background-color":"var(--ast-global-color-5)","background-image":"","background-repeat":"repeat","background-position":"center center","background-size":"auto","background-attachment":"scroll","background-type":"","background-media":"","overlay-type":"","overlay-color":"","overlay-opacity":"","overlay-gradient":""},"mobile":{"background-color":"var(--ast-global-color-5)","background-image":"","background-repeat":"repeat","background-position":"center center","background-size":"auto","background-attachment":"scroll","background-type":"","background-media":"","overlay-type":"","overlay-color":"","overlay-opacity":"","overlay-gradient":""}}},"product_brand":[],"product_cat":[49,911],"product_tag":[],"class_list":{"0":"post-19112","1":"product","2":"type-product","3":"status-publish","4":"has-post-thumbnail","6":"product_cat-componenti","7":"product_cat-pacco-pignoni-componenti","8":"desktop-align-center","9":"tablet-align-center","10":"mobile-align-center","12":"first","13":"instock","14":"taxable","15":"shipping-taxable","16":"purchasable","17":"product-type-variable"},"_links":{"self":[{"href":"https:\/\/www.dascenzobike.it\/wordpress\/wp-json\/wp\/v2\/product\/19112","targetHints":{"allow":["GET"]}}],"collection":[{"href":"https:\/\/www.dascenzobike.it\/wordpress\/wp-json\/wp\/v2\/product"}],"about":[{"href":"https:\/\/www.dascenzobike.it\/wordpress\/wp-json\/wp\/v2\/types\/product"}],"version-history":[{"count":0,"href":"https:\/\/www.dascenzobike.it\/wordpress\/wp-json\/wp\/v2\/product\/19112\/revisions"}],"wp:featuredmedia":[{"embeddable":true,"href":"https:\/\/www.dascenzobike.it\/wordpress\/wp-json\/wp\/v2\/media\/19115"}],"wp:attachment":[{"href":"https:\/\/www.dascenzobike.it\/wordpress\/wp-json\/wp\/v2\/media?parent=19112"}],"wp:term":[{"taxonomy":"product_brand","embeddable":true,"href":"https:\/\/www.dascenzobike.it\/wordpress\/wp-json\/wp\/v2\/product_brand?post=19112"},{"taxonomy":"product_cat","embeddable":true,"href":"https:\/\/www.dascenzobike.it\/wordpress\/wp-json\/wp\/v2\/product_cat?post=19112"},{"taxonomy":"product_tag","embeddable":true,"href":"https:\/\/www.dascenzobike.it\/wordpress\/wp-json\/wp\/v2\/product_tag?post=19112"}],"curies":[{"name":"wp","href":"https:\/\/api.w.org\/{rel}","templated":true}]}}