{"id":19753,"date":"2023-04-26T22:16:10","date_gmt":"2023-04-26T20:16:10","guid":{"rendered":"https:\/\/www.dascenzobike.it\/wordpress\/?post_type=product&#038;p=19753"},"modified":"2024-05-03T11:36:23","modified_gmt":"2024-05-03T09:36:23","slug":"schwalbe-eddy-current-rear","status":"publish","type":"product","link":"https:\/\/www.dascenzobike.it\/wordpress\/prodotto\/schwalbe-eddy-current-rear\/","title":{"rendered":"SCHWALBE EDDY CURRENT rear 29X2,60"},"content":{"rendered":"<p>La rivoluzione per E-MTB. Il nostro primo vero specialista E-MTB per All Mountain ed Enduro. Permette una guida senza compromessi con una forte accelerazione sia in salita che sui sentieri tecnici. Deve il suo aspetto solido agli stabili tasselli, pi\u00f9 gomma e dimensioni maggiori.<br \/>\n\u2022 Disegno del battistrada ispirato dal Motocross con massicci e stabili tasselli al centro e nella zona della spalla per un comportamento di guida affidabile.<br \/>\n\u2022 Tasselli concentrati al centro, scanalati a V (V-Grooves) e blocchi sui fianchi per una guida diretta e precisa.<br \/>\n\u2022 Speciale design studiato appositamente per la ruota anteriore e posteriore.<br \/>\nFRONT:<br \/>\n\u2022 Grip affidabile in curva abbinato ad una elevata trazione in frenata.<br \/>\n\u2022 Tasselli allungati ad alta tenuta, trasmettono eccellente guidabilit\u00e0 allo sterzo anche quando la ruota anteriore \u00e8 alleggerita in salita. Il risultato: sottosterzo pi\u00f9 controllabile.<br \/>\nREAR:<br \/>\n\u2022 Massima propulsione e frenata attraverso tasselli massicci che trasmettono sufficiente potenza al terreno, anche nelle salite pi\u00f9 ripide.<br \/>\n\u2022 Resistente grazie ai tasselli centrali voluminosi.<\/p>\n<div class=\"blockContent\">\n<div class=\"blockContentLeft\">Misura: 65-622 (29 x 2.60 Pollici)<\/div>\n<\/div>\n<div class=\"blockContent\">\n<div class=\"blockContentLeft\">Mescola: ADDIX Soft<\/div>\n<\/div>\n<div class=\"blockContent\">\n<div class=\"blockContentLeft\">Versione: Super Gravity<\/div>\n<\/div>\n<div class=\"blockContent\">\n<div class=\"blockContentLeft\">Colore: Black<\/div>\n<\/div>\n<div class=\"blockContent\">\n<div class=\"blockContentLeft\">Peso: 1455 g<\/div>\n<\/div>\n<div class=\"blockContent\">\n<div class=\"blockContentLeft\">Pressione: 1.50 &#8211; 3.00 Bar (20 &#8211; 45 psi)<\/div>\n<\/div>\n<div class=\"blockContent\">\n<div class=\"blockContentLeft\">Carico massimo: 115 kg<\/div>\n<\/div>\n","protected":false},"excerpt":{"rendered":"<p>La rivoluzione per E-MTB. Il nostro primo vero specialista E-MTB per All Mountain ed Enduro. Permette una guida senza compromessi [&hellip;]<\/p>\n","protected":false},"featured_media":19757,"template":"","meta":{"site-sidebar-layout":"default","site-content-layout":"","ast-site-content-layout":"default","site-content-style":"default","site-sidebar-style":"default","ast-global-header-display":"","ast-banner-title-visibility":"","ast-main-header-display":"","ast-hfb-above-header-display":"","ast-hfb-below-header-display":"","ast-hfb-mobile-header-display":"","site-post-title":"","ast-breadcrumbs-content":"","ast-featured-img":"","footer-sml-layout":"","ast-disable-related-posts":"","theme-transparent-header-meta":"","adv-header-id-meta":"","stick-header-meta":"","header-above-stick-meta":"","header-main-stick-meta":"","header-below-stick-meta":"","astra-migrate-meta-layouts":"default","ast-page-background-enabled":"default","ast-page-background-meta":{"desktop":{"background-color":"var(--ast-global-color-4)","background-image":"","background-repeat":"repeat","background-position":"center center","background-size":"auto","background-attachment":"scroll","background-type":"","background-media":"","overlay-type":"","overlay-color":"","overlay-opacity":"","overlay-gradient":""},"tablet":{"background-color":"","background-image":"","background-repeat":"repeat","background-position":"center center","background-size":"auto","background-attachment":"scroll","background-type":"","background-media":"","overlay-type":"","overlay-color":"","overlay-opacity":"","overlay-gradient":""},"mobile":{"background-color":"","background-image":"","background-repeat":"repeat","background-position":"center center","background-size":"auto","background-attachment":"scroll","background-type":"","background-media":"","overlay-type":"","overlay-color":"","overlay-opacity":"","overlay-gradient":""}},"ast-content-background-meta":{"desktop":{"background-color":"var(--ast-global-color-5)","background-image":"","background-repeat":"repeat","background-position":"center center","background-size":"auto","background-attachment":"scroll","background-type":"","background-media":"","overlay-type":"","overlay-color":"","overlay-opacity":"","overlay-gradient":""},"tablet":{"background-color":"var(--ast-global-color-5)","background-image":"","background-repeat":"repeat","background-position":"center center","background-size":"auto","background-attachment":"scroll","background-type":"","background-media":"","overlay-type":"","overlay-color":"","overlay-opacity":"","overlay-gradient":""},"mobile":{"background-color":"var(--ast-global-color-5)","background-image":"","background-repeat":"repeat","background-position":"center center","background-size":"auto","background-attachment":"scroll","background-type":"","background-media":"","overlay-type":"","overlay-color":"","overlay-opacity":"","overlay-gradient":""}}},"product_brand":[],"product_cat":[45],"product_tag":[],"class_list":{"0":"post-19753","1":"product","2":"type-product","3":"status-publish","4":"has-post-thumbnail","6":"product_cat-copertura-mtb","7":"desktop-align-center","8":"tablet-align-center","9":"mobile-align-center","11":"first","12":"instock","13":"sale","14":"taxable","15":"shipping-taxable","16":"purchasable","17":"product-type-simple"},"_links":{"self":[{"href":"https:\/\/www.dascenzobike.it\/wordpress\/wp-json\/wp\/v2\/product\/19753","targetHints":{"allow":["GET"]}}],"collection":[{"href":"https:\/\/www.dascenzobike.it\/wordpress\/wp-json\/wp\/v2\/product"}],"about":[{"href":"https:\/\/www.dascenzobike.it\/wordpress\/wp-json\/wp\/v2\/types\/product"}],"version-history":[{"count":0,"href":"https:\/\/www.dascenzobike.it\/wordpress\/wp-json\/wp\/v2\/product\/19753\/revisions"}],"wp:featuredmedia":[{"embeddable":true,"href":"https:\/\/www.dascenzobike.it\/wordpress\/wp-json\/wp\/v2\/media\/19757"}],"wp:attachment":[{"href":"https:\/\/www.dascenzobike.it\/wordpress\/wp-json\/wp\/v2\/media?parent=19753"}],"wp:term":[{"taxonomy":"product_brand","embeddable":true,"href":"https:\/\/www.dascenzobike.it\/wordpress\/wp-json\/wp\/v2\/product_brand?post=19753"},{"taxonomy":"product_cat","embeddable":true,"href":"https:\/\/www.dascenzobike.it\/wordpress\/wp-json\/wp\/v2\/product_cat?post=19753"},{"taxonomy":"product_tag","embeddable":true,"href":"https:\/\/www.dascenzobike.it\/wordpress\/wp-json\/wp\/v2\/product_tag?post=19753"}],"curies":[{"name":"wp","href":"https:\/\/api.w.org\/{rel}","templated":true}]}}