{"id":21098,"date":"2023-11-28T16:07:40","date_gmt":"2023-11-28T15:07:40","guid":{"rendered":"https:\/\/www.dascenzobike.it\/wordpress\/?post_type=product&#038;p=21098"},"modified":"2023-11-28T16:07:50","modified_gmt":"2023-11-28T15:07:50","slug":"casco-trek-velocis-mips","status":"publish","type":"product","link":"https:\/\/www.dascenzobike.it\/wordpress\/prodotto\/casco-trek-velocis-mips\/","title":{"rendered":"Casco Trek Velocis Mips"},"content":{"rendered":"<p><span><span class=\"VIpgJd-yAWNEb-VIpgJd-fmcmS-sn54Q\">Il casco da strada pi\u00f9 leggero di Trek \u00e8 ora ancora pi\u00f9 leggero, risparmiando grammi e offrendo pi\u00f9 comfort.<\/span><\/span><br \/>\n<span><span class=\"VIpgJd-yAWNEb-VIpgJd-fmcmS-sn54Q\">Ventilazione e canalizzazione migliorate ti mantengono pi\u00f9 fresco e ti muovono pi\u00f9 velocemente.<\/span><\/span><br \/>\n<span><span class=\"VIpgJd-yAWNEb-VIpgJd-fmcmS-sn54Q\">Il sistema Mips Air \u00e8 leggero e fresco e progettato per migliorare comfort e protezione<\/span><\/span><br \/>\n<span><span class=\"VIpgJd-yAWNEb-VIpgJd-fmcmS-sn54Q\">Il sistema di vestibilit\u00e0 BOA\u00ae a laccio singolo \u00e8 completamente regolabile per offrire una vestibilit\u00e0 personalizzata a 360\u00b0.<\/span><\/span><br \/>\n<span><span class=\"VIpgJd-yAWNEb-VIpgJd-fmcmS-sn54Q\">La porta di aggancio per occhiali da sole in gomma garantisce sicurezza e facilit\u00e0 &#8211; spazio per riporre gli oggetti.<\/span><\/span><br \/>\n<span><span class=\"VIpgJd-yAWNEb-VIpgJd-fmcmS-sn54Q\">Il bordo anteriore smussato migliora il campo visivo durante la guida sui cappucci e nelle discese.<\/span><\/span><\/p>\n","protected":false},"excerpt":{"rendered":"<p>Il casco da strada pi\u00f9 leggero di Trek \u00e8 ora ancora pi\u00f9 leggero, risparmiando grammi e offrendo pi\u00f9 comfort. Ventilazione [&hellip;]<\/p>\n","protected":false},"featured_media":21100,"template":"","meta":{"site-sidebar-layout":"default","site-content-layout":"","ast-site-content-layout":"default","site-content-style":"default","site-sidebar-style":"default","ast-global-header-display":"","ast-banner-title-visibility":"","ast-main-header-display":"","ast-hfb-above-header-display":"","ast-hfb-below-header-display":"","ast-hfb-mobile-header-display":"","site-post-title":"","ast-breadcrumbs-content":"","ast-featured-img":"","footer-sml-layout":"","ast-disable-related-posts":"","theme-transparent-header-meta":"","adv-header-id-meta":"","stick-header-meta":"","header-above-stick-meta":"","header-main-stick-meta":"","header-below-stick-meta":"","astra-migrate-meta-layouts":"default","ast-page-background-enabled":"default","ast-page-background-meta":{"desktop":{"background-color":"var(--ast-global-color-4)","background-image":"","background-repeat":"repeat","background-position":"center center","background-size":"auto","background-attachment":"scroll","background-type":"","background-media":"","overlay-type":"","overlay-color":"","overlay-opacity":"","overlay-gradient":""},"tablet":{"background-color":"","background-image":"","background-repeat":"repeat","background-position":"center center","background-size":"auto","background-attachment":"scroll","background-type":"","background-media":"","overlay-type":"","overlay-color":"","overlay-opacity":"","overlay-gradient":""},"mobile":{"background-color":"","background-image":"","background-repeat":"repeat","background-position":"center center","background-size":"auto","background-attachment":"scroll","background-type":"","background-media":"","overlay-type":"","overlay-color":"","overlay-opacity":"","overlay-gradient":""}},"ast-content-background-meta":{"desktop":{"background-color":"var(--ast-global-color-5)","background-image":"","background-repeat":"repeat","background-position":"center center","background-size":"auto","background-attachment":"scroll","background-type":"","background-media":"","overlay-type":"","overlay-color":"","overlay-opacity":"","overlay-gradient":""},"tablet":{"background-color":"var(--ast-global-color-5)","background-image":"","background-repeat":"repeat","background-position":"center center","background-size":"auto","background-attachment":"scroll","background-type":"","background-media":"","overlay-type":"","overlay-color":"","overlay-opacity":"","overlay-gradient":""},"mobile":{"background-color":"var(--ast-global-color-5)","background-image":"","background-repeat":"repeat","background-position":"center center","background-size":"auto","background-attachment":"scroll","background-type":"","background-media":"","overlay-type":"","overlay-color":"","overlay-opacity":"","overlay-gradient":""}}},"product_brand":[],"product_cat":[27],"product_tag":[],"class_list":{"0":"post-21098","1":"product","2":"type-product","3":"status-publish","4":"has-post-thumbnail","6":"product_cat-caschi","7":"desktop-align-center","8":"tablet-align-center","9":"mobile-align-center","11":"first","12":"instock","13":"taxable","14":"shipping-taxable","15":"purchasable","16":"product-type-variable"},"_links":{"self":[{"href":"https:\/\/www.dascenzobike.it\/wordpress\/wp-json\/wp\/v2\/product\/21098","targetHints":{"allow":["GET"]}}],"collection":[{"href":"https:\/\/www.dascenzobike.it\/wordpress\/wp-json\/wp\/v2\/product"}],"about":[{"href":"https:\/\/www.dascenzobike.it\/wordpress\/wp-json\/wp\/v2\/types\/product"}],"version-history":[{"count":0,"href":"https:\/\/www.dascenzobike.it\/wordpress\/wp-json\/wp\/v2\/product\/21098\/revisions"}],"wp:featuredmedia":[{"embeddable":true,"href":"https:\/\/www.dascenzobike.it\/wordpress\/wp-json\/wp\/v2\/media\/21100"}],"wp:attachment":[{"href":"https:\/\/www.dascenzobike.it\/wordpress\/wp-json\/wp\/v2\/media?parent=21098"}],"wp:term":[{"taxonomy":"product_brand","embeddable":true,"href":"https:\/\/www.dascenzobike.it\/wordpress\/wp-json\/wp\/v2\/product_brand?post=21098"},{"taxonomy":"product_cat","embeddable":true,"href":"https:\/\/www.dascenzobike.it\/wordpress\/wp-json\/wp\/v2\/product_cat?post=21098"},{"taxonomy":"product_tag","embeddable":true,"href":"https:\/\/www.dascenzobike.it\/wordpress\/wp-json\/wp\/v2\/product_tag?post=21098"}],"curies":[{"name":"wp","href":"https:\/\/api.w.org\/{rel}","templated":true}]}}