{"id":21121,"date":"2023-11-28T17:21:15","date_gmt":"2023-11-28T16:21:15","guid":{"rendered":"https:\/\/www.dascenzobike.it\/wordpress\/?post_type=product&#038;p=21121"},"modified":"2023-11-28T17:21:27","modified_gmt":"2023-11-28T16:21:27","slug":"casco-met-estro-mips","status":"publish","type":"product","link":"https:\/\/www.dascenzobike.it\/wordpress\/prodotto\/casco-met-estro-mips\/","title":{"rendered":"Casco Met Estro Mips"},"content":{"rendered":"<p>Il nuovo casco MET Estro Mips \u00e8 un casco da strada con un rapporto prezzo\/caratteristiche eccezionale. Versatile e protettivo \u00e8 perfetto per i tuoi giri in bicicletta pi\u00f9 lunghi e faticosi. Confortevole come i modelli pi\u00f9 performanti Estro ha un design compatto e molto ventilato anche a basse velocit\u00e0. Dispone di 26 feritoie, 17 delle quali sono prese d&#8217;aria e 9 fori d&#8217;uscita, che creano un flusso d&#8217;aria costante grazie alle canalizzazioni interne.<\/p>\n<ul>\n<li>Calotta in policarbonato In-mould con interno in EPS.<\/li>\n<li>Completo rivestimento in policarbonato per massimizzare la durabilit\u00e0.<\/li>\n<li>Copertura estesa della testa per una maggiore protezione.<\/li>\n<li>Sistema di gestione delle forze rotazionali MIPS-C2\u00ae, amplifica la protezione da specifici impatti.<\/li>\n<li>Sistema di regolazione MET Safe-T Upsilon.<\/li>\n<li>Anello di regolazione a 360\u00b0, posizione verticale personalizzabile per una perfetta calzata.<\/li>\n<li>Comode imbottiture lavabili a mano.<\/li>\n<li>Cinturini con divider regolabili per una calzata personalizzata.<\/li>\n<li>Decal posteriori rifrangenti aumentano la visibilit\u00e0 in condizioni di luce scarsa.<\/li>\n<li>26 feritoie, sistema di canalizzazione interna dell\u2019aria per favorire la ventilazione e il comfort.<\/li>\n<li>Feritoie porta-occhiali offrono una sede sicura per inserire gli occhiali da sole.<\/li>\n<li>Certificazioni: CE.<\/li>\n<li>Colore: rosso nero opaco\/lucido.<\/li>\n<li>Taglia M<\/li>\n<\/ul>\n","protected":false},"excerpt":{"rendered":"<p>Il nuovo casco MET Estro Mips \u00e8 un casco da strada con un rapporto prezzo\/caratteristiche eccezionale. Versatile e protettivo \u00e8 [&hellip;]<\/p>\n","protected":false},"featured_media":21122,"template":"","meta":{"site-sidebar-layout":"default","site-content-layout":"","ast-site-content-layout":"default","site-content-style":"default","site-sidebar-style":"default","ast-global-header-display":"","ast-banner-title-visibility":"","ast-main-header-display":"","ast-hfb-above-header-display":"","ast-hfb-below-header-display":"","ast-hfb-mobile-header-display":"","site-post-title":"","ast-breadcrumbs-content":"","ast-featured-img":"","footer-sml-layout":"","ast-disable-related-posts":"","theme-transparent-header-meta":"","adv-header-id-meta":"","stick-header-meta":"","header-above-stick-meta":"","header-main-stick-meta":"","header-below-stick-meta":"","astra-migrate-meta-layouts":"default","ast-page-background-enabled":"default","ast-page-background-meta":{"desktop":{"background-color":"var(--ast-global-color-4)","background-image":"","background-repeat":"repeat","background-position":"center center","background-size":"auto","background-attachment":"scroll","background-type":"","background-media":"","overlay-type":"","overlay-color":"","overlay-opacity":"","overlay-gradient":""},"tablet":{"background-color":"","background-image":"","background-repeat":"repeat","background-position":"center center","background-size":"auto","background-attachment":"scroll","background-type":"","background-media":"","overlay-type":"","overlay-color":"","overlay-opacity":"","overlay-gradient":""},"mobile":{"background-color":"","background-image":"","background-repeat":"repeat","background-position":"center center","background-size":"auto","background-attachment":"scroll","background-type":"","background-media":"","overlay-type":"","overlay-color":"","overlay-opacity":"","overlay-gradient":""}},"ast-content-background-meta":{"desktop":{"background-color":"var(--ast-global-color-5)","background-image":"","background-repeat":"repeat","background-position":"center center","background-size":"auto","background-attachment":"scroll","background-type":"","background-media":"","overlay-type":"","overlay-color":"","overlay-opacity":"","overlay-gradient":""},"tablet":{"background-color":"var(--ast-global-color-5)","background-image":"","background-repeat":"repeat","background-position":"center center","background-size":"auto","background-attachment":"scroll","background-type":"","background-media":"","overlay-type":"","overlay-color":"","overlay-opacity":"","overlay-gradient":""},"mobile":{"background-color":"var(--ast-global-color-5)","background-image":"","background-repeat":"repeat","background-position":"center center","background-size":"auto","background-attachment":"scroll","background-type":"","background-media":"","overlay-type":"","overlay-color":"","overlay-opacity":"","overlay-gradient":""}}},"product_brand":[],"product_cat":[27],"product_tag":[],"class_list":{"0":"post-21121","1":"product","2":"type-product","3":"status-publish","4":"has-post-thumbnail","6":"product_cat-caschi","7":"desktop-align-center","8":"tablet-align-center","9":"mobile-align-center","11":"first","12":"instock","13":"taxable","14":"shipping-taxable","15":"purchasable","16":"product-type-simple"},"_links":{"self":[{"href":"https:\/\/www.dascenzobike.it\/wordpress\/wp-json\/wp\/v2\/product\/21121","targetHints":{"allow":["GET"]}}],"collection":[{"href":"https:\/\/www.dascenzobike.it\/wordpress\/wp-json\/wp\/v2\/product"}],"about":[{"href":"https:\/\/www.dascenzobike.it\/wordpress\/wp-json\/wp\/v2\/types\/product"}],"version-history":[{"count":0,"href":"https:\/\/www.dascenzobike.it\/wordpress\/wp-json\/wp\/v2\/product\/21121\/revisions"}],"wp:featuredmedia":[{"embeddable":true,"href":"https:\/\/www.dascenzobike.it\/wordpress\/wp-json\/wp\/v2\/media\/21122"}],"wp:attachment":[{"href":"https:\/\/www.dascenzobike.it\/wordpress\/wp-json\/wp\/v2\/media?parent=21121"}],"wp:term":[{"taxonomy":"product_brand","embeddable":true,"href":"https:\/\/www.dascenzobike.it\/wordpress\/wp-json\/wp\/v2\/product_brand?post=21121"},{"taxonomy":"product_cat","embeddable":true,"href":"https:\/\/www.dascenzobike.it\/wordpress\/wp-json\/wp\/v2\/product_cat?post=21121"},{"taxonomy":"product_tag","embeddable":true,"href":"https:\/\/www.dascenzobike.it\/wordpress\/wp-json\/wp\/v2\/product_tag?post=21121"}],"curies":[{"name":"wp","href":"https:\/\/api.w.org\/{rel}","templated":true}]}}