{"id":21125,"date":"2023-11-28T17:32:14","date_gmt":"2023-11-28T16:32:14","guid":{"rendered":"https:\/\/www.dascenzobike.it\/wordpress\/?post_type=product&#038;p=21125"},"modified":"2023-11-28T17:32:26","modified_gmt":"2023-11-28T16:32:26","slug":"casco-met-allroad","status":"publish","type":"product","link":"https:\/\/www.dascenzobike.it\/wordpress\/prodotto\/casco-met-allroad\/","title":{"rendered":"Casco Met Allroad"},"content":{"rendered":"<p>MET Allroad \u00e8 la scelta ideale per chi ha bisogno di un giorno in sella a settimana per essere felice. Non importa che sia su asfalto o strade bianche.<br \/>\nDa una parte sportivo e dall\u2019altra confortevole. MET Allroad \u00e8 eccezionalmente leggero e sicuro grazie al caratteristico design MET.Quando si progetta il casco pi\u00f9 versatile sul mercato i dettagli sono importanti. La visiera si aggancia alle feritoie laterali senza l\u2019ausilio di clip plastiche. Questo concept rende il design del MET Allroad pulito e realmente versatile. Less is more. MET Allroad \u00e8 compatto ed essenziale. Un connubio perfetto per il tragitto casa-lavoro. La visibilit\u00e0 in strada \u00e8 fondamentale, per questo dispone di adesivi rifrangenti e una luce integrata.<\/p>\n<ul>\n<li>Costruzione della calotta esterna: In-Mold.<\/li>\n<li>Calotta interna: polistirolo antiurto.<\/li>\n<li>Cinghie e divisori: divisore di camma regolabile.<\/li>\n<li>Comfort: imbottiture comfort lavabili a mano.<\/li>\n<li>Sistema di adattamento: Safe-T DUO, regolazione verticale e coda di cavallo compatibile.<\/li>\n<li>Visiera: visiera a scatto dentro \/ fuori.<\/li>\n<li>Ventilazione: canalizzazione dell&#8217;aria interna.<\/li>\n<li>Da vedere: adesivo posteriore riflettente.<\/li>\n<li>Compatibilit\u00e0: pad frontale MET Dualgel.<\/li>\n<li>Certificazioni: CE.<\/li>\n<li>Colore: verde opaco.<\/li>\n<li>Taglia 56\/58<\/li>\n<\/ul>\n","protected":false},"excerpt":{"rendered":"<p>MET Allroad \u00e8 la scelta ideale per chi ha bisogno di un giorno in sella a settimana per essere felice. [&hellip;]<\/p>\n","protected":false},"featured_media":21126,"template":"","meta":{"site-sidebar-layout":"default","site-content-layout":"","ast-site-content-layout":"default","site-content-style":"default","site-sidebar-style":"default","ast-global-header-display":"","ast-banner-title-visibility":"","ast-main-header-display":"","ast-hfb-above-header-display":"","ast-hfb-below-header-display":"","ast-hfb-mobile-header-display":"","site-post-title":"","ast-breadcrumbs-content":"","ast-featured-img":"","footer-sml-layout":"","ast-disable-related-posts":"","theme-transparent-header-meta":"","adv-header-id-meta":"","stick-header-meta":"","header-above-stick-meta":"","header-main-stick-meta":"","header-below-stick-meta":"","astra-migrate-meta-layouts":"default","ast-page-background-enabled":"default","ast-page-background-meta":{"desktop":{"background-color":"var(--ast-global-color-4)","background-image":"","background-repeat":"repeat","background-position":"center center","background-size":"auto","background-attachment":"scroll","background-type":"","background-media":"","overlay-type":"","overlay-color":"","overlay-opacity":"","overlay-gradient":""},"tablet":{"background-color":"","background-image":"","background-repeat":"repeat","background-position":"center center","background-size":"auto","background-attachment":"scroll","background-type":"","background-media":"","overlay-type":"","overlay-color":"","overlay-opacity":"","overlay-gradient":""},"mobile":{"background-color":"","background-image":"","background-repeat":"repeat","background-position":"center center","background-size":"auto","background-attachment":"scroll","background-type":"","background-media":"","overlay-type":"","overlay-color":"","overlay-opacity":"","overlay-gradient":""}},"ast-content-background-meta":{"desktop":{"background-color":"var(--ast-global-color-5)","background-image":"","background-repeat":"repeat","background-position":"center center","background-size":"auto","background-attachment":"scroll","background-type":"","background-media":"","overlay-type":"","overlay-color":"","overlay-opacity":"","overlay-gradient":""},"tablet":{"background-color":"var(--ast-global-color-5)","background-image":"","background-repeat":"repeat","background-position":"center center","background-size":"auto","background-attachment":"scroll","background-type":"","background-media":"","overlay-type":"","overlay-color":"","overlay-opacity":"","overlay-gradient":""},"mobile":{"background-color":"var(--ast-global-color-5)","background-image":"","background-repeat":"repeat","background-position":"center center","background-size":"auto","background-attachment":"scroll","background-type":"","background-media":"","overlay-type":"","overlay-color":"","overlay-opacity":"","overlay-gradient":""}}},"product_brand":[],"product_cat":[27],"product_tag":[],"class_list":{"0":"post-21125","1":"product","2":"type-product","3":"status-publish","4":"has-post-thumbnail","6":"product_cat-caschi","7":"desktop-align-center","8":"tablet-align-center","9":"mobile-align-center","11":"first","12":"instock","13":"taxable","14":"shipping-taxable","15":"purchasable","16":"product-type-simple"},"_links":{"self":[{"href":"https:\/\/www.dascenzobike.it\/wordpress\/wp-json\/wp\/v2\/product\/21125","targetHints":{"allow":["GET"]}}],"collection":[{"href":"https:\/\/www.dascenzobike.it\/wordpress\/wp-json\/wp\/v2\/product"}],"about":[{"href":"https:\/\/www.dascenzobike.it\/wordpress\/wp-json\/wp\/v2\/types\/product"}],"version-history":[{"count":0,"href":"https:\/\/www.dascenzobike.it\/wordpress\/wp-json\/wp\/v2\/product\/21125\/revisions"}],"wp:featuredmedia":[{"embeddable":true,"href":"https:\/\/www.dascenzobike.it\/wordpress\/wp-json\/wp\/v2\/media\/21126"}],"wp:attachment":[{"href":"https:\/\/www.dascenzobike.it\/wordpress\/wp-json\/wp\/v2\/media?parent=21125"}],"wp:term":[{"taxonomy":"product_brand","embeddable":true,"href":"https:\/\/www.dascenzobike.it\/wordpress\/wp-json\/wp\/v2\/product_brand?post=21125"},{"taxonomy":"product_cat","embeddable":true,"href":"https:\/\/www.dascenzobike.it\/wordpress\/wp-json\/wp\/v2\/product_cat?post=21125"},{"taxonomy":"product_tag","embeddable":true,"href":"https:\/\/www.dascenzobike.it\/wordpress\/wp-json\/wp\/v2\/product_tag?post=21125"}],"curies":[{"name":"wp","href":"https:\/\/api.w.org\/{rel}","templated":true}]}}