{"id":21359,"date":"2024-02-22T18:46:32","date_gmt":"2024-02-22T17:46:32","guid":{"rendered":"https:\/\/www.dascenzobike.it\/wordpress\/?post_type=product&#038;p=21359"},"modified":"2024-11-24T08:32:36","modified_gmt":"2024-11-24T07:32:36","slug":"scarpe-strada-northwave-veloce-extreme","status":"publish","type":"product","link":"https:\/\/www.dascenzobike.it\/wordpress\/prodotto\/scarpe-strada-northwave-veloce-extreme\/","title":{"rendered":"Scarpe strada Northwave Veloce Extreme"},"content":{"rendered":"<p>Veloce \u00e8 un progetto che \u00e8 nato ed \u00e8 stato completamente sviluppato in Italia, dalle prime bozze fino alla linea di produzione, in collaborazione con il campione olimpico e detentore del Record dell&#8217;Ora Filippo Ganna.<br \/>\nLa suola, realizzata in carbonio unidirezionale al 100% con un indice di rigidit\u00e0 pari a 15, \u00e8 sviluppata per ottimizzare il trasferimento di potenza ai pedali grazie all&#8217;esclusiva struttura high tail e al sistema brevettato Powershape.<br \/>\nI tacchetti posteriori in gomma sono sostituibili per prolungare la vita delle scarpe.<br \/>\nLe ampie prese d&#8217;aria favoriscono il flusso d&#8217;aria in entrata e in uscita.<br \/>\nLa tomaia \u00e8 caratterizzata dalla costruzione underlap per una calzata avvolgente con una chiusura uniforme.<br \/>\nI tagli al laser sono stati disegnati per ottimizzare la ventilazione e la termoregolazione del piede.<br \/>\nLa nuova e pi\u00f9 leggera tecnologia Anatomic Reticular Support (ARS 2.0) fornisce un sostegno supplementare garantendo una posizione corretta del piede del ciclista.<br \/>\nIl grip del tallone, con le sue fibre orientate, impedisce al piede di scivolare fuori dalla scarpa assicurando una calzata salda.<br \/>\nIl doppio SLW3 sviluppato da X-Dial \u00e8 totalmente unico nel suo genere, offre una chiusura bi-zona e altamente precisa con regolazione micrometrica della calzata.<br \/>\nSono previste due solette a doppia densit\u00e0 per rendere la calzata ancora pi\u00f9\u00a0 personalizzata: 5 mm (slim fit) e 3 mm (regular fit).<\/p>\n<p>HIGH TAIL<br \/>\nadattabilit\u00e0 al tallone esterno e sostegno al tallone interno<br \/>\nPOWERSHAPE<br \/>\nSupporto all\u2019arco plantare<br \/>\nTACCHETTO POSTERIORE<br \/>\nTacchetto posteriore in gomma sostituibile<br \/>\nVENTILAZIONE<br \/>\nLe ampie prese d&#8217;aria favoriscono il flusso d&#8217;aria in entrata e in uscita<br \/>\nCOMPATIBILE CON SPEEDPLAY<br \/>\nRispetto alla stessa struttura della tomaia con suola Powershape.<br \/>\nRPE tasso di sforzo percepito<br \/>\n+9% stabilit\u00e0<br \/>\n-15% sforzo percepito RPE<br \/>\n+4% potenza massima erogata<br \/>\nridotto impegno muscolare.<\/p>\n","protected":false},"excerpt":{"rendered":"<p>Veloce \u00e8 un progetto che \u00e8 nato ed \u00e8 stato completamente sviluppato in Italia, dalle prime bozze fino alla linea [&hellip;]<\/p>\n","protected":false},"featured_media":21364,"template":"","meta":{"site-sidebar-layout":"default","site-content-layout":"","ast-site-content-layout":"default","site-content-style":"default","site-sidebar-style":"default","ast-global-header-display":"","ast-banner-title-visibility":"","ast-main-header-display":"","ast-hfb-above-header-display":"","ast-hfb-below-header-display":"","ast-hfb-mobile-header-display":"","site-post-title":"","ast-breadcrumbs-content":"","ast-featured-img":"","footer-sml-layout":"","ast-disable-related-posts":"","theme-transparent-header-meta":"","adv-header-id-meta":"","stick-header-meta":"","header-above-stick-meta":"","header-main-stick-meta":"","header-below-stick-meta":"","astra-migrate-meta-layouts":"default","ast-page-background-enabled":"default","ast-page-background-meta":{"desktop":{"background-color":"var(--ast-global-color-4)","background-image":"","background-repeat":"repeat","background-position":"center center","background-size":"auto","background-attachment":"scroll","background-type":"","background-media":"","overlay-type":"","overlay-color":"","overlay-opacity":"","overlay-gradient":""},"tablet":{"background-color":"","background-image":"","background-repeat":"repeat","background-position":"center center","background-size":"auto","background-attachment":"scroll","background-type":"","background-media":"","overlay-type":"","overlay-color":"","overlay-opacity":"","overlay-gradient":""},"mobile":{"background-color":"","background-image":"","background-repeat":"repeat","background-position":"center center","background-size":"auto","background-attachment":"scroll","background-type":"","background-media":"","overlay-type":"","overlay-color":"","overlay-opacity":"","overlay-gradient":""}},"ast-content-background-meta":{"desktop":{"background-color":"var(--ast-global-color-5)","background-image":"","background-repeat":"repeat","background-position":"center center","background-size":"auto","background-attachment":"scroll","background-type":"","background-media":"","overlay-type":"","overlay-color":"","overlay-opacity":"","overlay-gradient":""},"tablet":{"background-color":"var(--ast-global-color-5)","background-image":"","background-repeat":"repeat","background-position":"center center","background-size":"auto","background-attachment":"scroll","background-type":"","background-media":"","overlay-type":"","overlay-color":"","overlay-opacity":"","overlay-gradient":""},"mobile":{"background-color":"var(--ast-global-color-5)","background-image":"","background-repeat":"repeat","background-position":"center center","background-size":"auto","background-attachment":"scroll","background-type":"","background-media":"","overlay-type":"","overlay-color":"","overlay-opacity":"","overlay-gradient":""}}},"product_brand":[],"product_cat":[29],"product_tag":[],"class_list":{"0":"post-21359","1":"product","2":"type-product","3":"status-publish","4":"has-post-thumbnail","6":"product_cat-scarpe","7":"desktop-align-center","8":"tablet-align-center","9":"mobile-align-center","11":"first","12":"instock","13":"sale","14":"taxable","15":"shipping-taxable","16":"purchasable","17":"product-type-variable"},"_links":{"self":[{"href":"https:\/\/www.dascenzobike.it\/wordpress\/wp-json\/wp\/v2\/product\/21359","targetHints":{"allow":["GET"]}}],"collection":[{"href":"https:\/\/www.dascenzobike.it\/wordpress\/wp-json\/wp\/v2\/product"}],"about":[{"href":"https:\/\/www.dascenzobike.it\/wordpress\/wp-json\/wp\/v2\/types\/product"}],"version-history":[{"count":0,"href":"https:\/\/www.dascenzobike.it\/wordpress\/wp-json\/wp\/v2\/product\/21359\/revisions"}],"wp:featuredmedia":[{"embeddable":true,"href":"https:\/\/www.dascenzobike.it\/wordpress\/wp-json\/wp\/v2\/media\/21364"}],"wp:attachment":[{"href":"https:\/\/www.dascenzobike.it\/wordpress\/wp-json\/wp\/v2\/media?parent=21359"}],"wp:term":[{"taxonomy":"product_brand","embeddable":true,"href":"https:\/\/www.dascenzobike.it\/wordpress\/wp-json\/wp\/v2\/product_brand?post=21359"},{"taxonomy":"product_cat","embeddable":true,"href":"https:\/\/www.dascenzobike.it\/wordpress\/wp-json\/wp\/v2\/product_cat?post=21359"},{"taxonomy":"product_tag","embeddable":true,"href":"https:\/\/www.dascenzobike.it\/wordpress\/wp-json\/wp\/v2\/product_tag?post=21359"}],"curies":[{"name":"wp","href":"https:\/\/api.w.org\/{rel}","templated":true}]}}