{"id":21436,"date":"2024-03-12T20:09:58","date_gmt":"2024-03-12T19:09:58","guid":{"rendered":"https:\/\/www.dascenzobike.it\/wordpress\/?post_type=product&#038;p=21436"},"modified":"2024-12-22T19:11:22","modified_gmt":"2024-12-22T18:11:22","slug":"e-bike-electra-loft-go-7d-eq","status":"publish","type":"product","link":"https:\/\/www.dascenzobike.it\/wordpress\/prodotto\/e-bike-electra-loft-go-7d-eq\/","title":{"rendered":"E-bike Electra Loft Go! 7D EQ"},"content":{"rendered":"<p>Loft Go! 7D \u00e8 l&#8217;e-bike leggera che contribuisce a migliorare i tuoi spostamenti quotidiani. Grazie a un sistema elettronico semplice e intuitivo a 7 velocit\u00e0, fornisce l&#8217;autonomia necessaria per portarti fino ai confini della citt\u00e0 su qualunque percorso. Questa bici classica dai tratti moderni \u00e8 stata progettata pensando sia alla versatilit\u00e0 che allo stile per accompagnarti al tuo negozio di dischi preferito oppure alla bottega di alimentari all&#8217;angolo.<\/p>\n<p>Batteria, parafanghi e luci completamente integrati: questa elegante bici elettrica \u00e8 l&#8217;accessorio perfetto per la vita urbana.<\/p>\n<p>Il sistema E-bike Electra offre sicurezza e padronanza di guida grazie a tre modalit\u00e0 di assistenza. Il motore nel mozzo posteriore ed \u00e8 abbinato a un deragliatore a 7 velocit\u00e0 per una maggiore autonomia. Gli pneumatici larghi da 700x40c sono accompagnati da freni a disco flat mount che consentono un arresto rapido e sicuro.<\/p>\n<ol class=\"kf-ordered\">\n<li class=\"mb-1 pl-4\">Grazie al supporto del motore a mozzo posteriore raggiunge una velocit\u00e0 di assistenza massima di 25km\/h.<\/li>\n<li class=\"mb-1 pl-4\">Una batteria completamente integrata da 250Wh offre fino a 65 chilometri di autonomia.<\/li>\n<li class=\"mb-1 pl-4\">Con l&#8217;indicatore a LED \u00e8 possibile tenere facilmente sotto controllo il livello di assistenza e la carica residua della batteria.<\/li>\n<li class=\"mb-1 pl-4\">Il deragliatore a 7 velocit\u00e0 migliora l&#8217;autonomia e aumenta il tuo raggio d&#8217;azione.<\/li>\n<\/ol>\n<p>Disponibile colore bianco &#8211; misura S.<\/p>\n","protected":false},"excerpt":{"rendered":"<p>Loft Go! 7D \u00e8 l&#8217;e-bike leggera che contribuisce a migliorare i tuoi spostamenti quotidiani. Grazie a un sistema elettronico semplice [&hellip;]<\/p>\n","protected":false},"featured_media":21438,"template":"","meta":{"site-sidebar-layout":"default","site-content-layout":"","ast-site-content-layout":"default","site-content-style":"default","site-sidebar-style":"default","ast-global-header-display":"","ast-banner-title-visibility":"","ast-main-header-display":"","ast-hfb-above-header-display":"","ast-hfb-below-header-display":"","ast-hfb-mobile-header-display":"","site-post-title":"","ast-breadcrumbs-content":"","ast-featured-img":"","footer-sml-layout":"","ast-disable-related-posts":"","theme-transparent-header-meta":"","adv-header-id-meta":"","stick-header-meta":"","header-above-stick-meta":"","header-main-stick-meta":"","header-below-stick-meta":"","astra-migrate-meta-layouts":"default","ast-page-background-enabled":"default","ast-page-background-meta":{"desktop":{"background-color":"var(--ast-global-color-4)","background-image":"","background-repeat":"repeat","background-position":"center center","background-size":"auto","background-attachment":"scroll","background-type":"","background-media":"","overlay-type":"","overlay-color":"","overlay-opacity":"","overlay-gradient":""},"tablet":{"background-color":"","background-image":"","background-repeat":"repeat","background-position":"center center","background-size":"auto","background-attachment":"scroll","background-type":"","background-media":"","overlay-type":"","overlay-color":"","overlay-opacity":"","overlay-gradient":""},"mobile":{"background-color":"","background-image":"","background-repeat":"repeat","background-position":"center center","background-size":"auto","background-attachment":"scroll","background-type":"","background-media":"","overlay-type":"","overlay-color":"","overlay-opacity":"","overlay-gradient":""}},"ast-content-background-meta":{"desktop":{"background-color":"var(--ast-global-color-5)","background-image":"","background-repeat":"repeat","background-position":"center center","background-size":"auto","background-attachment":"scroll","background-type":"","background-media":"","overlay-type":"","overlay-color":"","overlay-opacity":"","overlay-gradient":""},"tablet":{"background-color":"var(--ast-global-color-5)","background-image":"","background-repeat":"repeat","background-position":"center center","background-size":"auto","background-attachment":"scroll","background-type":"","background-media":"","overlay-type":"","overlay-color":"","overlay-opacity":"","overlay-gradient":""},"mobile":{"background-color":"var(--ast-global-color-5)","background-image":"","background-repeat":"repeat","background-position":"center center","background-size":"auto","background-attachment":"scroll","background-type":"","background-media":"","overlay-type":"","overlay-color":"","overlay-opacity":"","overlay-gradient":""}}},"product_brand":[],"product_cat":[871],"product_tag":[],"class_list":{"0":"post-21436","1":"product","2":"type-product","3":"status-publish","4":"has-post-thumbnail","6":"product_cat-elettriche","7":"product_shipping_class-biciclette","8":"desktop-align-center","9":"tablet-align-center","10":"mobile-align-center","12":"first","13":"instock","14":"sale","15":"taxable","16":"shipping-taxable","17":"purchasable","18":"product-type-simple"},"_links":{"self":[{"href":"https:\/\/www.dascenzobike.it\/wordpress\/wp-json\/wp\/v2\/product\/21436","targetHints":{"allow":["GET"]}}],"collection":[{"href":"https:\/\/www.dascenzobike.it\/wordpress\/wp-json\/wp\/v2\/product"}],"about":[{"href":"https:\/\/www.dascenzobike.it\/wordpress\/wp-json\/wp\/v2\/types\/product"}],"version-history":[{"count":0,"href":"https:\/\/www.dascenzobike.it\/wordpress\/wp-json\/wp\/v2\/product\/21436\/revisions"}],"wp:featuredmedia":[{"embeddable":true,"href":"https:\/\/www.dascenzobike.it\/wordpress\/wp-json\/wp\/v2\/media\/21438"}],"wp:attachment":[{"href":"https:\/\/www.dascenzobike.it\/wordpress\/wp-json\/wp\/v2\/media?parent=21436"}],"wp:term":[{"taxonomy":"product_brand","embeddable":true,"href":"https:\/\/www.dascenzobike.it\/wordpress\/wp-json\/wp\/v2\/product_brand?post=21436"},{"taxonomy":"product_cat","embeddable":true,"href":"https:\/\/www.dascenzobike.it\/wordpress\/wp-json\/wp\/v2\/product_cat?post=21436"},{"taxonomy":"product_tag","embeddable":true,"href":"https:\/\/www.dascenzobike.it\/wordpress\/wp-json\/wp\/v2\/product_tag?post=21436"}],"curies":[{"name":"wp","href":"https:\/\/api.w.org\/{rel}","templated":true}]}}