{"id":21607,"date":"2024-05-03T11:55:55","date_gmt":"2024-05-03T09:55:55","guid":{"rendered":"https:\/\/www.dascenzobike.it\/wordpress\/?post_type=product&#038;p=21607"},"modified":"2025-12-25T17:51:25","modified_gmt":"2025-12-25T16:51:25","slug":"pneumatico-mtb-vittoria-e-mazza-enduro-tubeless-ready-29x240","status":"publish","type":"product","link":"https:\/\/www.dascenzobike.it\/wordpress\/prodotto\/pneumatico-mtb-vittoria-e-mazza-enduro-tubeless-ready-29x240\/","title":{"rendered":"Pneumatico MTB Vittoria e-Mazza Enduro Tubeless-Ready 29&#215;2,40"},"content":{"rendered":"<p>Lo pneumatico pi\u00f9 versatile per l&#8217;e-bikepacking e l&#8217;esplorazione in condizioni climatiche difficili, e-Mazza \u00e8 stato progettato per garantire affidabilit\u00e0, controllo e aderenza nonostante il peso maggiore e le velocit\u00e0 pi\u00f9 elevate delle e-bike. e-Mazza utilizza le stesse tecnologie collaudate in Enduro World Series, progettata con il contributo di rider professionisti.<br \/>\nIn curva o in contropendenza su fondi rocciosi, gli intagli progressivi dei tasselli laterali agiscono in maniera efficace per offrire grip e stabilit\u00e0. Avrai sempre il controllo anche nei punti pi\u00f9 estremi. In salita, Mazza affonda nel terreno grazie ai tasselli centrali a &#8220;v&#8221; con gradino alla base. Lo spazio generoso tra i tasselli centrali e quelli laterali favorisce l&#8217;autopulitura del battistrada da fango e detriti. Un tallone a doppio strato resistente alle forature che combina una costruzione in nylon anti abrasione a due strati da 120 TPI con inserti laterali anti-pinch flat (APF). Il tallone classico per le gare di enduro e le sessioni di shuttle. Gomma infusa con Grafene in un programma graduato di quattro composti lungo il battistrada e le spalle. Due composti di base stabilizzanti aumentano la resistenza alle forature e la longevit\u00e0, creando una base per le sollecitazioni in salita, frenata e curva. I composti laterali riducono la resistenza al rotolamento, aumentano la trazione e diventano aderenti sulle curve strette e sulle sezioni off-camber, bagnate o asciutte.<\/p>\n","protected":false},"excerpt":{"rendered":"<p>Lo pneumatico pi\u00f9 versatile per l&#8217;e-bikepacking e l&#8217;esplorazione in condizioni climatiche difficili, e-Mazza \u00e8 stato progettato per garantire affidabilit\u00e0, controllo [&hellip;]<\/p>\n","protected":false},"featured_media":21608,"template":"","meta":{"site-sidebar-layout":"default","site-content-layout":"","ast-site-content-layout":"default","site-content-style":"default","site-sidebar-style":"default","ast-global-header-display":"","ast-banner-title-visibility":"","ast-main-header-display":"","ast-hfb-above-header-display":"","ast-hfb-below-header-display":"","ast-hfb-mobile-header-display":"","site-post-title":"","ast-breadcrumbs-content":"","ast-featured-img":"","footer-sml-layout":"","ast-disable-related-posts":"","theme-transparent-header-meta":"default","adv-header-id-meta":"","stick-header-meta":"","header-above-stick-meta":"","header-main-stick-meta":"","header-below-stick-meta":"","astra-migrate-meta-layouts":"set","ast-page-background-enabled":"default","ast-page-background-meta":{"desktop":{"background-color":"var(--ast-global-color-4)","background-image":"","background-repeat":"repeat","background-position":"center center","background-size":"auto","background-attachment":"scroll","background-type":"","background-media":"","overlay-type":"","overlay-color":"","overlay-opacity":"","overlay-gradient":""},"tablet":{"background-color":"","background-image":"","background-repeat":"repeat","background-position":"center center","background-size":"auto","background-attachment":"scroll","background-type":"","background-media":"","overlay-type":"","overlay-color":"","overlay-opacity":"","overlay-gradient":""},"mobile":{"background-color":"","background-image":"","background-repeat":"repeat","background-position":"center center","background-size":"auto","background-attachment":"scroll","background-type":"","background-media":"","overlay-type":"","overlay-color":"","overlay-opacity":"","overlay-gradient":""}},"ast-content-background-meta":{"desktop":{"background-color":"var(--ast-global-color-5)","background-image":"","background-repeat":"repeat","background-position":"center center","background-size":"auto","background-attachment":"scroll","background-type":"","background-media":"","overlay-type":"","overlay-color":"","overlay-opacity":"","overlay-gradient":""},"tablet":{"background-color":"var(--ast-global-color-5)","background-image":"","background-repeat":"repeat","background-position":"center center","background-size":"auto","background-attachment":"scroll","background-type":"","background-media":"","overlay-type":"","overlay-color":"","overlay-opacity":"","overlay-gradient":""},"mobile":{"background-color":"var(--ast-global-color-5)","background-image":"","background-repeat":"repeat","background-position":"center center","background-size":"auto","background-attachment":"scroll","background-type":"","background-media":"","overlay-type":"","overlay-color":"","overlay-opacity":"","overlay-gradient":""}}},"product_brand":[],"product_cat":[45],"product_tag":[],"class_list":{"0":"post-21607","1":"product","2":"type-product","3":"status-publish","4":"has-post-thumbnail","6":"product_cat-copertura-mtb","7":"desktop-align-center","8":"tablet-align-center","9":"mobile-align-center","11":"first","12":"instock","13":"sale","14":"taxable","15":"shipping-taxable","16":"purchasable","17":"product-type-simple"},"_links":{"self":[{"href":"https:\/\/www.dascenzobike.it\/wordpress\/wp-json\/wp\/v2\/product\/21607","targetHints":{"allow":["GET"]}}],"collection":[{"href":"https:\/\/www.dascenzobike.it\/wordpress\/wp-json\/wp\/v2\/product"}],"about":[{"href":"https:\/\/www.dascenzobike.it\/wordpress\/wp-json\/wp\/v2\/types\/product"}],"version-history":[{"count":0,"href":"https:\/\/www.dascenzobike.it\/wordpress\/wp-json\/wp\/v2\/product\/21607\/revisions"}],"wp:featuredmedia":[{"embeddable":true,"href":"https:\/\/www.dascenzobike.it\/wordpress\/wp-json\/wp\/v2\/media\/21608"}],"wp:attachment":[{"href":"https:\/\/www.dascenzobike.it\/wordpress\/wp-json\/wp\/v2\/media?parent=21607"}],"wp:term":[{"taxonomy":"product_brand","embeddable":true,"href":"https:\/\/www.dascenzobike.it\/wordpress\/wp-json\/wp\/v2\/product_brand?post=21607"},{"taxonomy":"product_cat","embeddable":true,"href":"https:\/\/www.dascenzobike.it\/wordpress\/wp-json\/wp\/v2\/product_cat?post=21607"},{"taxonomy":"product_tag","embeddable":true,"href":"https:\/\/www.dascenzobike.it\/wordpress\/wp-json\/wp\/v2\/product_tag?post=21607"}],"curies":[{"name":"wp","href":"https:\/\/api.w.org\/{rel}","templated":true}]}}