{"id":22482,"date":"2025-05-24T09:00:31","date_gmt":"2025-05-24T07:00:31","guid":{"rendered":"https:\/\/www.dascenzobike.it\/wordpress\/?post_type=product&#038;p=22482"},"modified":"2025-08-12T08:31:40","modified_gmt":"2025-08-12T06:31:40","slug":"wilier-filante-slr","status":"publish","type":"product","link":"https:\/\/www.dascenzobike.it\/wordpress\/prodotto\/wilier-filante-slr\/","title":{"rendered":"Wilier Verticale Slr"},"content":{"rendered":"<section id=\"overview\" data-v-c51d766e=\"\">\n<div class=\"tw-section-pt\" data-v-c51d766e=\"\">\n<div class=\"two-cols-video-block\" data-v-c51d766e=\"\">\n<div class=\"tw-container\">\n<div class=\"flex-grid flex-grid-lg flex-grid-y justify-between xl:items-end\">\n<div class=\"w-full lg:w-1\/2 2xl:w-[45%] prose xl:prose-xl max-w-none\">\n<div style=\"text-align: left;\">Verticale SLR \u00e8 una bici aero estremamente leggera, che migliora nettamente il rapporto tra rigidit\u00e0 torsionale e peso, lo stiffness to weight. La bici \u00e8 utilizzata dagli atleti di Groupama &#8211; FDJ Cycling Team.<\/div>\n<div>\n<div data-v-6c690a7a=\"\"><b>Gruppo a scelta: SHIMANO ULTEGRA Di2 R8170 2X12S<\/b><\/div>\n<div data-v-6c690a7a=\"\">Ruote: MICHE KLEOS RD 50 CARBON | CERAMICSPEED BEARINGS<\/div>\n<div data-v-6c690a7a=\"\">Misura M<\/div>\n<div data-v-6c690a7a=\"\">Colore: Moon Grey\u00a0<span data-v-b53d5f8e=\"\">&#8211; Glossy<\/span><\/div>\n<div data-v-6c690a7a=\"\"><\/div>\n<\/div>\n<\/div>\n<\/div>\n<\/div>\n<\/div>\n<\/div>\n<\/section>\n","protected":false},"excerpt":{"rendered":"<p>Verticale SLR \u00e8 una bici aero estremamente leggera, che migliora nettamente il rapporto tra rigidit\u00e0 torsionale e peso, lo stiffness [&hellip;]<\/p>\n","protected":false},"featured_media":22503,"template":"","meta":{"site-sidebar-layout":"default","site-content-layout":"","ast-site-content-layout":"default","site-content-style":"default","site-sidebar-style":"default","ast-global-header-display":"","ast-banner-title-visibility":"","ast-main-header-display":"","ast-hfb-above-header-display":"","ast-hfb-below-header-display":"","ast-hfb-mobile-header-display":"","site-post-title":"","ast-breadcrumbs-content":"","ast-featured-img":"","footer-sml-layout":"","ast-disable-related-posts":"","theme-transparent-header-meta":"","adv-header-id-meta":"","stick-header-meta":"","header-above-stick-meta":"","header-main-stick-meta":"","header-below-stick-meta":"","astra-migrate-meta-layouts":"default","ast-page-background-enabled":"default","ast-page-background-meta":{"desktop":{"background-color":"var(--ast-global-color-4)","background-image":"","background-repeat":"repeat","background-position":"center center","background-size":"auto","background-attachment":"scroll","background-type":"","background-media":"","overlay-type":"","overlay-color":"","overlay-opacity":"","overlay-gradient":""},"tablet":{"background-color":"","background-image":"","background-repeat":"repeat","background-position":"center center","background-size":"auto","background-attachment":"scroll","background-type":"","background-media":"","overlay-type":"","overlay-color":"","overlay-opacity":"","overlay-gradient":""},"mobile":{"background-color":"","background-image":"","background-repeat":"repeat","background-position":"center center","background-size":"auto","background-attachment":"scroll","background-type":"","background-media":"","overlay-type":"","overlay-color":"","overlay-opacity":"","overlay-gradient":""}},"ast-content-background-meta":{"desktop":{"background-color":"var(--ast-global-color-5)","background-image":"","background-repeat":"repeat","background-position":"center center","background-size":"auto","background-attachment":"scroll","background-type":"","background-media":"","overlay-type":"","overlay-color":"","overlay-opacity":"","overlay-gradient":""},"tablet":{"background-color":"var(--ast-global-color-5)","background-image":"","background-repeat":"repeat","background-position":"center center","background-size":"auto","background-attachment":"scroll","background-type":"","background-media":"","overlay-type":"","overlay-color":"","overlay-opacity":"","overlay-gradient":""},"mobile":{"background-color":"var(--ast-global-color-5)","background-image":"","background-repeat":"repeat","background-position":"center center","background-size":"auto","background-attachment":"scroll","background-type":"","background-media":"","overlay-type":"","overlay-color":"","overlay-opacity":"","overlay-gradient":""}}},"product_brand":[],"product_cat":[25],"product_tag":[],"class_list":{"0":"post-22482","1":"product","2":"type-product","3":"status-publish","4":"has-post-thumbnail","6":"product_cat-strada","7":"desktop-align-center","8":"tablet-align-center","9":"mobile-align-center","11":"first","12":"instock","13":"sale","14":"taxable","15":"shipping-taxable","16":"purchasable","17":"product-type-variable","18":"has-default-attributes"},"_links":{"self":[{"href":"https:\/\/www.dascenzobike.it\/wordpress\/wp-json\/wp\/v2\/product\/22482","targetHints":{"allow":["GET"]}}],"collection":[{"href":"https:\/\/www.dascenzobike.it\/wordpress\/wp-json\/wp\/v2\/product"}],"about":[{"href":"https:\/\/www.dascenzobike.it\/wordpress\/wp-json\/wp\/v2\/types\/product"}],"version-history":[{"count":0,"href":"https:\/\/www.dascenzobike.it\/wordpress\/wp-json\/wp\/v2\/product\/22482\/revisions"}],"wp:featuredmedia":[{"embeddable":true,"href":"https:\/\/www.dascenzobike.it\/wordpress\/wp-json\/wp\/v2\/media\/22503"}],"wp:attachment":[{"href":"https:\/\/www.dascenzobike.it\/wordpress\/wp-json\/wp\/v2\/media?parent=22482"}],"wp:term":[{"taxonomy":"product_brand","embeddable":true,"href":"https:\/\/www.dascenzobike.it\/wordpress\/wp-json\/wp\/v2\/product_brand?post=22482"},{"taxonomy":"product_cat","embeddable":true,"href":"https:\/\/www.dascenzobike.it\/wordpress\/wp-json\/wp\/v2\/product_cat?post=22482"},{"taxonomy":"product_tag","embeddable":true,"href":"https:\/\/www.dascenzobike.it\/wordpress\/wp-json\/wp\/v2\/product_tag?post=22482"}],"curies":[{"name":"wp","href":"https:\/\/api.w.org\/{rel}","templated":true}]}}