{"id":22636,"date":"2025-07-17T22:39:25","date_gmt":"2025-07-17T20:39:25","guid":{"rendered":"https:\/\/www.dascenzobike.it\/wordpress\/?post_type=product&#038;p=22636"},"modified":"2025-07-17T23:46:19","modified_gmt":"2025-07-17T21:46:19","slug":"flite-boost-kit-carbonio-superflow-l3-selle-italia","status":"publish","type":"product","link":"https:\/\/www.dascenzobike.it\/wordpress\/prodotto\/flite-boost-kit-carbonio-superflow-l3-selle-italia\/","title":{"rendered":"FLITE BOOST KIT CARBONIO SUPERFLOW L3 &#8211; Selle Italia"},"content":{"rendered":"<p>Compatta e confortevole, ma resistente, la Flite Boost Kit Carbonio Superflow \u00e8 la vostra compagna di viaggio perfetta. L&#8217;iconica sella flat e lo stile corto e aerodinamico sono la piattaforma perfetta per offrire stabilit\u00e0 e comfort sulle prestazioni della bicicletta. Il Superflow foro allevia la pressione sul perineo, mentre i binari in carbonio extra-lunghi consentono una maggiore regolabilit\u00e0. Questa \u00e8 la sella che vi porter\u00e0 al prossimo podio.<\/p>\n","protected":false},"excerpt":{"rendered":"<p>Compatta e confortevole, ma resistente, la Flite Boost Kit Carbonio Superflow \u00e8 la vostra compagna di viaggio perfetta. L&#8217;iconica sella [&hellip;]<\/p>\n","protected":false},"featured_media":22638,"template":"","meta":{"site-sidebar-layout":"default","site-content-layout":"","ast-site-content-layout":"default","site-content-style":"default","site-sidebar-style":"default","ast-global-header-display":"","ast-banner-title-visibility":"","ast-main-header-display":"","ast-hfb-above-header-display":"","ast-hfb-below-header-display":"","ast-hfb-mobile-header-display":"","site-post-title":"","ast-breadcrumbs-content":"","ast-featured-img":"","footer-sml-layout":"","ast-disable-related-posts":"","theme-transparent-header-meta":"","adv-header-id-meta":"","stick-header-meta":"","header-above-stick-meta":"","header-main-stick-meta":"","header-below-stick-meta":"","astra-migrate-meta-layouts":"default","ast-page-background-enabled":"default","ast-page-background-meta":{"desktop":{"background-color":"var(--ast-global-color-4)","background-image":"","background-repeat":"repeat","background-position":"center center","background-size":"auto","background-attachment":"scroll","background-type":"","background-media":"","overlay-type":"","overlay-color":"","overlay-opacity":"","overlay-gradient":""},"tablet":{"background-color":"","background-image":"","background-repeat":"repeat","background-position":"center center","background-size":"auto","background-attachment":"scroll","background-type":"","background-media":"","overlay-type":"","overlay-color":"","overlay-opacity":"","overlay-gradient":""},"mobile":{"background-color":"","background-image":"","background-repeat":"repeat","background-position":"center center","background-size":"auto","background-attachment":"scroll","background-type":"","background-media":"","overlay-type":"","overlay-color":"","overlay-opacity":"","overlay-gradient":""}},"ast-content-background-meta":{"desktop":{"background-color":"var(--ast-global-color-5)","background-image":"","background-repeat":"repeat","background-position":"center center","background-size":"auto","background-attachment":"scroll","background-type":"","background-media":"","overlay-type":"","overlay-color":"","overlay-opacity":"","overlay-gradient":""},"tablet":{"background-color":"var(--ast-global-color-5)","background-image":"","background-repeat":"repeat","background-position":"center center","background-size":"auto","background-attachment":"scroll","background-type":"","background-media":"","overlay-type":"","overlay-color":"","overlay-opacity":"","overlay-gradient":""},"mobile":{"background-color":"var(--ast-global-color-5)","background-image":"","background-repeat":"repeat","background-position":"center center","background-size":"auto","background-attachment":"scroll","background-type":"","background-media":"","overlay-type":"","overlay-color":"","overlay-opacity":"","overlay-gradient":""}}},"product_brand":[],"product_cat":[50],"product_tag":[],"class_list":{"0":"post-22636","1":"product","2":"type-product","3":"status-publish","4":"has-post-thumbnail","6":"product_cat-selle","7":"desktop-align-center","8":"tablet-align-center","9":"mobile-align-center","11":"first","12":"instock","13":"sale","14":"taxable","15":"shipping-taxable","16":"purchasable","17":"product-type-variable"},"_links":{"self":[{"href":"https:\/\/www.dascenzobike.it\/wordpress\/wp-json\/wp\/v2\/product\/22636","targetHints":{"allow":["GET"]}}],"collection":[{"href":"https:\/\/www.dascenzobike.it\/wordpress\/wp-json\/wp\/v2\/product"}],"about":[{"href":"https:\/\/www.dascenzobike.it\/wordpress\/wp-json\/wp\/v2\/types\/product"}],"version-history":[{"count":0,"href":"https:\/\/www.dascenzobike.it\/wordpress\/wp-json\/wp\/v2\/product\/22636\/revisions"}],"wp:featuredmedia":[{"embeddable":true,"href":"https:\/\/www.dascenzobike.it\/wordpress\/wp-json\/wp\/v2\/media\/22638"}],"wp:attachment":[{"href":"https:\/\/www.dascenzobike.it\/wordpress\/wp-json\/wp\/v2\/media?parent=22636"}],"wp:term":[{"taxonomy":"product_brand","embeddable":true,"href":"https:\/\/www.dascenzobike.it\/wordpress\/wp-json\/wp\/v2\/product_brand?post=22636"},{"taxonomy":"product_cat","embeddable":true,"href":"https:\/\/www.dascenzobike.it\/wordpress\/wp-json\/wp\/v2\/product_cat?post=22636"},{"taxonomy":"product_tag","embeddable":true,"href":"https:\/\/www.dascenzobike.it\/wordpress\/wp-json\/wp\/v2\/product_tag?post=22636"}],"curies":[{"name":"wp","href":"https:\/\/api.w.org\/{rel}","templated":true}]}}