{"id":23877,"date":"2025-12-18T07:53:19","date_gmt":"2025-12-18T06:53:19","guid":{"rendered":"https:\/\/www.dascenzobike.it\/wordpress\/?post_type=product&#038;p=23877"},"modified":"2026-03-05T20:07:58","modified_gmt":"2026-03-05T19:07:58","slug":"wilier-filante-slr-id2","status":"publish","type":"product","link":"https:\/\/www.dascenzobike.it\/wordpress\/prodotto\/wilier-filante-slr-id2\/","title":{"rendered":"Wilier Filante SLR ID2 con gruppo Sram Red AXS"},"content":{"rendered":"<p>Filante SLR ID2 rappresenta l\u2019evoluzione definitiva delle bici da corsa aerodinamiche di Casa Wilier. Leggera, reattiva ed estremamente aerodinamica, Filante SLR ID2 ridefinisce gli standard di performance, mettendo te al centro di ogni scelta progettuale. L\u2019aerodinamica non \u00e8 fine a s\u00e9 stessa, ma \u00e8 al servizio di chi pedala, per offrire massima efficienza, comfort e controllo in ogni condizione.<\/p>\n<p>Il tubo obliquo, da sempre una delle zone pi\u00f9 complesse dal punto di vista progettuale, \u00e8 stato sviluppato con un obiettivo preciso: avere la minima resistenza aerodinamica e ridurre il pi\u00f9 possibile l\u2019esposizione delle borracce all&#8217;aria.<br \/>\nIl sistema Aerokit \u00e8 stato progettato proprio con questo intento dal nostro Innovation Lab insieme ad Elite Cycling, un punto di riferimento mondiale nel design e nella produzione di sistemi di idratazione per il ciclismo. Da questa collaborazione \u00e8 nato un kit che unisce funzionalit\u00e0 e performance: 1100 ml di capacit\u00e0 totale, distribuiti in modo ottimale e con un impatto aerodinamico minimo.<\/p>\n<p>Assemblata con gruppo Sram Red AXS + Powermeter e cerchi MICHE KLEOS RD 50 CARBON\u00a0 CERAMICSPEED BEARINGS<\/p>\n","protected":false},"excerpt":{"rendered":"<p>Filante SLR ID2 rappresenta l\u2019evoluzione definitiva delle bici da corsa aerodinamiche di Casa Wilier. Leggera, reattiva ed estremamente aerodinamica, Filante [&hellip;]<\/p>\n","protected":false},"featured_media":23133,"template":"","meta":{"site-sidebar-layout":"default","site-content-layout":"","ast-site-content-layout":"default","site-content-style":"default","site-sidebar-style":"default","ast-global-header-display":"","ast-banner-title-visibility":"","ast-main-header-display":"","ast-hfb-above-header-display":"","ast-hfb-below-header-display":"","ast-hfb-mobile-header-display":"","site-post-title":"","ast-breadcrumbs-content":"","ast-featured-img":"","footer-sml-layout":"","ast-disable-related-posts":"","theme-transparent-header-meta":"default","adv-header-id-meta":"","stick-header-meta":"","header-above-stick-meta":"","header-main-stick-meta":"","header-below-stick-meta":"","astra-migrate-meta-layouts":"set","ast-page-background-enabled":"default","ast-page-background-meta":{"desktop":{"background-color":"var(--ast-global-color-4)","background-image":"","background-repeat":"repeat","background-position":"center center","background-size":"auto","background-attachment":"scroll","background-type":"","background-media":"","overlay-type":"","overlay-color":"","overlay-opacity":"","overlay-gradient":""},"tablet":{"background-color":"","background-image":"","background-repeat":"repeat","background-position":"center center","background-size":"auto","background-attachment":"scroll","background-type":"","background-media":"","overlay-type":"","overlay-color":"","overlay-opacity":"","overlay-gradient":""},"mobile":{"background-color":"","background-image":"","background-repeat":"repeat","background-position":"center center","background-size":"auto","background-attachment":"scroll","background-type":"","background-media":"","overlay-type":"","overlay-color":"","overlay-opacity":"","overlay-gradient":""}},"ast-content-background-meta":{"desktop":{"background-color":"var(--ast-global-color-5)","background-image":"","background-repeat":"repeat","background-position":"center center","background-size":"auto","background-attachment":"scroll","background-type":"","background-media":"","overlay-type":"","overlay-color":"","overlay-opacity":"","overlay-gradient":""},"tablet":{"background-color":"var(--ast-global-color-5)","background-image":"","background-repeat":"repeat","background-position":"center center","background-size":"auto","background-attachment":"scroll","background-type":"","background-media":"","overlay-type":"","overlay-color":"","overlay-opacity":"","overlay-gradient":""},"mobile":{"background-color":"var(--ast-global-color-5)","background-image":"","background-repeat":"repeat","background-position":"center center","background-size":"auto","background-attachment":"scroll","background-type":"","background-media":"","overlay-type":"","overlay-color":"","overlay-opacity":"","overlay-gradient":""}}},"product_brand":[],"product_cat":[25],"product_tag":[],"class_list":{"0":"post-23877","1":"product","2":"type-product","3":"status-publish","4":"has-post-thumbnail","6":"product_cat-strada","7":"desktop-align-center","8":"tablet-align-center","9":"mobile-align-center","11":"first","12":"instock","13":"sale","14":"taxable","15":"shipping-taxable","16":"purchasable","17":"product-type-simple"},"_links":{"self":[{"href":"https:\/\/www.dascenzobike.it\/wordpress\/wp-json\/wp\/v2\/product\/23877","targetHints":{"allow":["GET"]}}],"collection":[{"href":"https:\/\/www.dascenzobike.it\/wordpress\/wp-json\/wp\/v2\/product"}],"about":[{"href":"https:\/\/www.dascenzobike.it\/wordpress\/wp-json\/wp\/v2\/types\/product"}],"version-history":[{"count":0,"href":"https:\/\/www.dascenzobike.it\/wordpress\/wp-json\/wp\/v2\/product\/23877\/revisions"}],"wp:featuredmedia":[{"embeddable":true,"href":"https:\/\/www.dascenzobike.it\/wordpress\/wp-json\/wp\/v2\/media\/23133"}],"wp:attachment":[{"href":"https:\/\/www.dascenzobike.it\/wordpress\/wp-json\/wp\/v2\/media?parent=23877"}],"wp:term":[{"taxonomy":"product_brand","embeddable":true,"href":"https:\/\/www.dascenzobike.it\/wordpress\/wp-json\/wp\/v2\/product_brand?post=23877"},{"taxonomy":"product_cat","embeddable":true,"href":"https:\/\/www.dascenzobike.it\/wordpress\/wp-json\/wp\/v2\/product_cat?post=23877"},{"taxonomy":"product_tag","embeddable":true,"href":"https:\/\/www.dascenzobike.it\/wordpress\/wp-json\/wp\/v2\/product_tag?post=23877"}],"curies":[{"name":"wp","href":"https:\/\/api.w.org\/{rel}","templated":true}]}}