{"id":24005,"date":"2025-12-26T19:12:58","date_gmt":"2025-12-26T18:12:58","guid":{"rendered":"https:\/\/www.dascenzobike.it\/wordpress\/?post_type=product&#038;p=24005"},"modified":"2025-12-26T19:12:58","modified_gmt":"2025-12-26T18:12:58","slug":"specialized-butcher-grid-trail-t9-29-x-2-6","status":"publish","type":"product","link":"https:\/\/www.dascenzobike.it\/wordpress\/prodotto\/specialized-butcher-grid-trail-t9-29-x-2-6\/","title":{"rendered":"Specialized Butcher Grid Trail T9 29 x 2.6&#8243;"},"content":{"rendered":"<p>Lo pneumatico Butcher GRID TRAIL 2Bliss Ready ha tasselli laterali pi\u00f9 ampi per aumentare la stabilit\u00e0 sotto carico e per migliorare la tenuta, mentre quelli centrali sono spaziati in modo ottimale per una transizione pi\u00f9 fluida quando si inclina la bici. La mescola brevettata GRIPTON assorbe gli urti ad alta frequenza e &#8216;incolla&#8217; lo pneumatico al terreno sia sotto piccoli urti che sulle sezioni molto impegnative. Le basse frequenze delle flessioni dello pneumatico non si assorbono energia, mantenendo alta la velocit\u00e0. Una volta provata la nuova Butcher, non vorrai provare altro per i tuoi giri gravity. La carcassa GRID TRAIL \u00e8 pi\u00f9 rigida, offre 15% di protezioni in pi\u00f9 contro le pizzicature, e 30% in pi\u00f9 contro le forature. La tecnologia 2Bliss \u00e8 la ciliegina sulla torta, permettendoti di utilizzare pressioni inferiori delle gomme. La nuova mescola T9 GRIPTON\u00ae \u00e8 perfetta per l&#8217;ammortizzazione, con un misurato ritorno all&#8217;aderenza ed il grip per la massima trazione ed un controllo perfetto.<\/p>\n","protected":false},"excerpt":{"rendered":"<p>Lo pneumatico Butcher GRID TRAIL 2Bliss Ready ha tasselli laterali pi\u00f9 ampi per aumentare la stabilit\u00e0 sotto carico e per [&hellip;]<\/p>\n","protected":false},"featured_media":24006,"template":"","meta":{"site-sidebar-layout":"default","site-content-layout":"","ast-site-content-layout":"default","site-content-style":"default","site-sidebar-style":"default","ast-global-header-display":"","ast-banner-title-visibility":"","ast-main-header-display":"","ast-hfb-above-header-display":"","ast-hfb-below-header-display":"","ast-hfb-mobile-header-display":"","site-post-title":"","ast-breadcrumbs-content":"","ast-featured-img":"","footer-sml-layout":"","ast-disable-related-posts":"","theme-transparent-header-meta":"default","adv-header-id-meta":"","stick-header-meta":"","header-above-stick-meta":"","header-main-stick-meta":"","header-below-stick-meta":"","astra-migrate-meta-layouts":"set","ast-page-background-enabled":"default","ast-page-background-meta":{"desktop":{"background-color":"var(--ast-global-color-4)","background-image":"","background-repeat":"repeat","background-position":"center center","background-size":"auto","background-attachment":"scroll","background-type":"","background-media":"","overlay-type":"","overlay-color":"","overlay-opacity":"","overlay-gradient":""},"tablet":{"background-color":"","background-image":"","background-repeat":"repeat","background-position":"center center","background-size":"auto","background-attachment":"scroll","background-type":"","background-media":"","overlay-type":"","overlay-color":"","overlay-opacity":"","overlay-gradient":""},"mobile":{"background-color":"","background-image":"","background-repeat":"repeat","background-position":"center center","background-size":"auto","background-attachment":"scroll","background-type":"","background-media":"","overlay-type":"","overlay-color":"","overlay-opacity":"","overlay-gradient":""}},"ast-content-background-meta":{"desktop":{"background-color":"var(--ast-global-color-5)","background-image":"","background-repeat":"repeat","background-position":"center center","background-size":"auto","background-attachment":"scroll","background-type":"","background-media":"","overlay-type":"","overlay-color":"","overlay-opacity":"","overlay-gradient":""},"tablet":{"background-color":"var(--ast-global-color-5)","background-image":"","background-repeat":"repeat","background-position":"center center","background-size":"auto","background-attachment":"scroll","background-type":"","background-media":"","overlay-type":"","overlay-color":"","overlay-opacity":"","overlay-gradient":""},"mobile":{"background-color":"var(--ast-global-color-5)","background-image":"","background-repeat":"repeat","background-position":"center center","background-size":"auto","background-attachment":"scroll","background-type":"","background-media":"","overlay-type":"","overlay-color":"","overlay-opacity":"","overlay-gradient":""}}},"product_brand":[],"product_cat":[45],"product_tag":[],"class_list":{"0":"post-24005","1":"product","2":"type-product","3":"status-publish","4":"has-post-thumbnail","6":"product_cat-copertura-mtb","7":"desktop-align-center","8":"tablet-align-center","9":"mobile-align-center","11":"first","12":"instock","13":"sale","14":"taxable","15":"shipping-taxable","16":"purchasable","17":"product-type-simple"},"_links":{"self":[{"href":"https:\/\/www.dascenzobike.it\/wordpress\/wp-json\/wp\/v2\/product\/24005","targetHints":{"allow":["GET"]}}],"collection":[{"href":"https:\/\/www.dascenzobike.it\/wordpress\/wp-json\/wp\/v2\/product"}],"about":[{"href":"https:\/\/www.dascenzobike.it\/wordpress\/wp-json\/wp\/v2\/types\/product"}],"version-history":[{"count":0,"href":"https:\/\/www.dascenzobike.it\/wordpress\/wp-json\/wp\/v2\/product\/24005\/revisions"}],"wp:featuredmedia":[{"embeddable":true,"href":"https:\/\/www.dascenzobike.it\/wordpress\/wp-json\/wp\/v2\/media\/24006"}],"wp:attachment":[{"href":"https:\/\/www.dascenzobike.it\/wordpress\/wp-json\/wp\/v2\/media?parent=24005"}],"wp:term":[{"taxonomy":"product_brand","embeddable":true,"href":"https:\/\/www.dascenzobike.it\/wordpress\/wp-json\/wp\/v2\/product_brand?post=24005"},{"taxonomy":"product_cat","embeddable":true,"href":"https:\/\/www.dascenzobike.it\/wordpress\/wp-json\/wp\/v2\/product_cat?post=24005"},{"taxonomy":"product_tag","embeddable":true,"href":"https:\/\/www.dascenzobike.it\/wordpress\/wp-json\/wp\/v2\/product_tag?post=24005"}],"curies":[{"name":"wp","href":"https:\/\/api.w.org\/{rel}","templated":true}]}}