{"id":24037,"date":"2025-12-28T20:09:09","date_gmt":"2025-12-28T19:09:09","guid":{"rendered":"https:\/\/www.dascenzobike.it\/wordpress\/?post_type=product&#038;p=24037"},"modified":"2025-12-28T20:09:09","modified_gmt":"2025-12-28T19:09:09","slug":"pirelli-scorpion-xc-rc-29x240-classic","status":"publish","type":"product","link":"https:\/\/www.dascenzobike.it\/wordpress\/prodotto\/pirelli-scorpion-xc-rc-29x240-classic\/","title":{"rendered":"Pirelli Scorpion XC RC 29X2,40 Classic"},"content":{"rendered":"<p>Progettato per i rider che cercano velocit\u00e0, precisione e controllo, questo pneumatico aggiorna il suo DNA racing con pi\u00f9 volume, un profilo pi\u00f9 squadrato, la nuova mescola Race XC e una carcassa completamente rivisitata. Il maggiore volume migliora il comfort e la stabilit\u00e0 sui terreni pi\u00f9 tecnici, mentre il profilo pi\u00f9 squadrato assicura appoggi solidi e una precisione direzionale superiore. La nuova mescola Race XC combina grip chimico e scorrevolezza per massimizzare la velocit\u00e0 in ogni fase della gara. A completare il tutto, una carcassa leggera ma resistente, pensata per assorbire gli urti e garantire protezione senza compromessi. ProWALL \u00e8 una tecnologia di rinforzo del fianco che migliora la protezione contro le forature e la guidabilit\u00e0 anche a basse pressioni. Lo strato aggiuntivo di tessuto in nylon sui fianchi della carcassa migliora non solo la protezione da tagli e pizzicature ma anche la stabilit\u00e0 dell&#8217;intera struttura, consentendo una migliore maneggevolezza e curve pi\u00f9 precise, entrambe essenziali per migliorare la tua esperienza di guida offroad. Il tutto senza scendere a compromessi in termini di peso e scorrevolezza, rendendo il ProWALL una soluzione perfetta sia per il cross-country racing che per il trail aggressivo e l&#8217;enduro quando accoppiato a diverse strutture della carcassa, rispettivamente da 120 tpi e 60 tpi.<\/p>\n","protected":false},"excerpt":{"rendered":"<p>Progettato per i rider che cercano velocit\u00e0, precisione e controllo, questo pneumatico aggiorna il suo DNA racing con pi\u00f9 volume, [&hellip;]<\/p>\n","protected":false},"featured_media":24038,"template":"","meta":{"site-sidebar-layout":"default","site-content-layout":"","ast-site-content-layout":"default","site-content-style":"default","site-sidebar-style":"default","ast-global-header-display":"","ast-banner-title-visibility":"","ast-main-header-display":"","ast-hfb-above-header-display":"","ast-hfb-below-header-display":"","ast-hfb-mobile-header-display":"","site-post-title":"","ast-breadcrumbs-content":"","ast-featured-img":"","footer-sml-layout":"","ast-disable-related-posts":"","theme-transparent-header-meta":"default","adv-header-id-meta":"","stick-header-meta":"","header-above-stick-meta":"","header-main-stick-meta":"","header-below-stick-meta":"","astra-migrate-meta-layouts":"set","ast-page-background-enabled":"default","ast-page-background-meta":{"desktop":{"background-color":"var(--ast-global-color-4)","background-image":"","background-repeat":"repeat","background-position":"center center","background-size":"auto","background-attachment":"scroll","background-type":"","background-media":"","overlay-type":"","overlay-color":"","overlay-opacity":"","overlay-gradient":""},"tablet":{"background-color":"","background-image":"","background-repeat":"repeat","background-position":"center center","background-size":"auto","background-attachment":"scroll","background-type":"","background-media":"","overlay-type":"","overlay-color":"","overlay-opacity":"","overlay-gradient":""},"mobile":{"background-color":"","background-image":"","background-repeat":"repeat","background-position":"center center","background-size":"auto","background-attachment":"scroll","background-type":"","background-media":"","overlay-type":"","overlay-color":"","overlay-opacity":"","overlay-gradient":""}},"ast-content-background-meta":{"desktop":{"background-color":"var(--ast-global-color-5)","background-image":"","background-repeat":"repeat","background-position":"center center","background-size":"auto","background-attachment":"scroll","background-type":"","background-media":"","overlay-type":"","overlay-color":"","overlay-opacity":"","overlay-gradient":""},"tablet":{"background-color":"var(--ast-global-color-5)","background-image":"","background-repeat":"repeat","background-position":"center center","background-size":"auto","background-attachment":"scroll","background-type":"","background-media":"","overlay-type":"","overlay-color":"","overlay-opacity":"","overlay-gradient":""},"mobile":{"background-color":"var(--ast-global-color-5)","background-image":"","background-repeat":"repeat","background-position":"center center","background-size":"auto","background-attachment":"scroll","background-type":"","background-media":"","overlay-type":"","overlay-color":"","overlay-opacity":"","overlay-gradient":""}}},"product_brand":[],"product_cat":[45],"product_tag":[],"class_list":{"0":"post-24037","1":"product","2":"type-product","3":"status-publish","4":"has-post-thumbnail","6":"product_cat-copertura-mtb","7":"desktop-align-center","8":"tablet-align-center","9":"mobile-align-center","11":"first","12":"instock","13":"sale","14":"taxable","15":"shipping-taxable","16":"purchasable","17":"product-type-simple"},"_links":{"self":[{"href":"https:\/\/www.dascenzobike.it\/wordpress\/wp-json\/wp\/v2\/product\/24037","targetHints":{"allow":["GET"]}}],"collection":[{"href":"https:\/\/www.dascenzobike.it\/wordpress\/wp-json\/wp\/v2\/product"}],"about":[{"href":"https:\/\/www.dascenzobike.it\/wordpress\/wp-json\/wp\/v2\/types\/product"}],"version-history":[{"count":0,"href":"https:\/\/www.dascenzobike.it\/wordpress\/wp-json\/wp\/v2\/product\/24037\/revisions"}],"wp:featuredmedia":[{"embeddable":true,"href":"https:\/\/www.dascenzobike.it\/wordpress\/wp-json\/wp\/v2\/media\/24038"}],"wp:attachment":[{"href":"https:\/\/www.dascenzobike.it\/wordpress\/wp-json\/wp\/v2\/media?parent=24037"}],"wp:term":[{"taxonomy":"product_brand","embeddable":true,"href":"https:\/\/www.dascenzobike.it\/wordpress\/wp-json\/wp\/v2\/product_brand?post=24037"},{"taxonomy":"product_cat","embeddable":true,"href":"https:\/\/www.dascenzobike.it\/wordpress\/wp-json\/wp\/v2\/product_cat?post=24037"},{"taxonomy":"product_tag","embeddable":true,"href":"https:\/\/www.dascenzobike.it\/wordpress\/wp-json\/wp\/v2\/product_tag?post=24037"}],"curies":[{"name":"wp","href":"https:\/\/api.w.org\/{rel}","templated":true}]}}