{"id":24226,"date":"2026-03-05T20:02:41","date_gmt":"2026-03-05T19:02:41","guid":{"rendered":"https:\/\/www.dascenzobike.it\/wordpress\/?post_type=product&#038;p=24226"},"modified":"2026-03-05T20:02:42","modified_gmt":"2026-03-05T19:02:42","slug":"wilier-adler-gravel","status":"publish","type":"product","link":"https:\/\/www.dascenzobike.it\/wordpress\/prodotto\/wilier-adler-gravel\/","title":{"rendered":"Wilier Adler Gravel"},"content":{"rendered":"<p>Adlar \u00e8 dedicata al bikepacking, agli esploratori, ai cicloviaggiatori. La struttura del telaio in fibra di carbonio \u00e8 stata rinforzata al punto da consentire un carico massimo supplementare di 35 kg. A questa qualit\u00e0 abbiamo unito nuove forme, un attento studio delle geometrie ed un passaggio cavi completamente integrato.<\/p>\n<div data-v-3180b262=\"\"><strong data-v-3180b262=\"\">Telaio<\/strong>: ADLAR &#8211; CARBON MONOCOQUE NHU-MOD<\/div>\n<div data-v-3180b262=\"\"><strong data-v-3180b262=\"\">Forcella<\/strong>: ADLAR &#8211; CARBON MONOCOQUE NHU-MOD<\/div>\n<div data-v-3180b262=\"\"><strong data-v-3180b262=\"\">Manubrio<\/strong>: RITCHEY COMP CORRALITOS FLARE DROP BAR ALLOY<\/div>\n<div data-v-3180b262=\"\"><strong data-v-3180b262=\"\">Peso manubrio<\/strong>: 350 g +\/- 5%<\/div>\n<div data-v-3180b262=\"\"><strong data-v-3180b262=\"\">Attacco manubrio<\/strong>: RITCHEY | WILIER STEMMA S2 ALLOY<\/div>\n<div data-v-3180b262=\"\"><strong data-v-3180b262=\"\">Serie sterzo<\/strong>: CUSTOM SUPERSLIM 1-1\/4&#8243; UPPER BR | FSA MR137 1-1\/4&#8243; LOWER BR<\/div>\n<div data-v-3180b262=\"\"><strong data-v-3180b262=\"\">Leve cambio<\/strong>: SHIMANO GRX ST-RX610<\/div>\n<div data-v-3180b262=\"\"><strong data-v-3180b262=\"\">Freni<\/strong>: SHIMANO GRX BR-RX400<\/div>\n<div data-v-3180b262=\"\"><strong data-v-3180b262=\"\">Rotori<\/strong>: WILIER ROTOR 160 \/ 160<\/div>\n<div data-v-3180b262=\"\"><strong data-v-3180b262=\"\">Cambio<\/strong>: SHIMANO GRX RD-RX822-GS<\/div>\n<div data-v-3180b262=\"\"><strong data-v-3180b262=\"\">Guarnitura<\/strong>: SHIMANO GRX FC-RX610 40T<\/div>\n<div data-v-3180b262=\"\"><strong data-v-3180b262=\"\">Movimento centrale<\/strong>: MICHE PRESSFIT 86.5X41<\/div>\n<div data-v-3180b262=\"\"><strong data-v-3180b262=\"\">Cassetta<\/strong>: SHIMANO CS-M7100-12 10-45T<\/div>\n<div data-v-3180b262=\"\"><strong data-v-3180b262=\"\">Catena<\/strong>: SHIMANO CN-M6100<\/div>\n<div data-v-3180b262=\"\"><strong data-v-3180b262=\"\">Coperture<\/strong>: VITTORIA TERRENO T50 700X50c TLR<\/div>\n<div data-v-3180b262=\"\"><strong data-v-3180b262=\"\">Sella<\/strong>: SELLE ROYAL SRX OPEN ATHELTIC UNITECH<\/div>\n<div data-v-3180b262=\"\"><strong data-v-3180b262=\"\">Reggisella<\/strong>: RITCHEY | WILIER SEATPOST ALLOY 27.2 mm<\/div>\n<div data-v-3180b262=\"\"><strong data-v-3180b262=\"\">Perno<\/strong>: MICHE THRU AXLE 12X126.5F 12X172.5R<\/div>\n<div data-v-3180b262=\"\"><strong data-v-3180b262=\"\">Peso telaio<\/strong>: 1190 g +\/- 5%<\/div>\n<div data-v-3180b262=\"\"><strong data-v-3180b262=\"\">Peso forcella<\/strong>: 470 g +\/- 5%<\/div>\n","protected":false},"excerpt":{"rendered":"<p>Adlar \u00e8 dedicata al bikepacking, agli esploratori, ai cicloviaggiatori. La struttura del telaio in fibra di carbonio \u00e8 stata rinforzata [&hellip;]<\/p>\n","protected":false},"featured_media":24230,"template":"","meta":{"site-sidebar-layout":"default","site-content-layout":"","ast-site-content-layout":"default","site-content-style":"default","site-sidebar-style":"default","ast-global-header-display":"","ast-banner-title-visibility":"","ast-main-header-display":"","ast-hfb-above-header-display":"","ast-hfb-below-header-display":"","ast-hfb-mobile-header-display":"","site-post-title":"","ast-breadcrumbs-content":"","ast-featured-img":"","footer-sml-layout":"","ast-disable-related-posts":"","theme-transparent-header-meta":"default","adv-header-id-meta":"","stick-header-meta":"","header-above-stick-meta":"","header-main-stick-meta":"","header-below-stick-meta":"","astra-migrate-meta-layouts":"set","ast-page-background-enabled":"default","ast-page-background-meta":{"desktop":{"background-color":"var(--ast-global-color-4)","background-image":"","background-repeat":"repeat","background-position":"center center","background-size":"auto","background-attachment":"scroll","background-type":"","background-media":"","overlay-type":"","overlay-color":"","overlay-opacity":"","overlay-gradient":""},"tablet":{"background-color":"","background-image":"","background-repeat":"repeat","background-position":"center center","background-size":"auto","background-attachment":"scroll","background-type":"","background-media":"","overlay-type":"","overlay-color":"","overlay-opacity":"","overlay-gradient":""},"mobile":{"background-color":"","background-image":"","background-repeat":"repeat","background-position":"center center","background-size":"auto","background-attachment":"scroll","background-type":"","background-media":"","overlay-type":"","overlay-color":"","overlay-opacity":"","overlay-gradient":""}},"ast-content-background-meta":{"desktop":{"background-color":"var(--ast-global-color-5)","background-image":"","background-repeat":"repeat","background-position":"center center","background-size":"auto","background-attachment":"scroll","background-type":"","background-media":"","overlay-type":"","overlay-color":"","overlay-opacity":"","overlay-gradient":""},"tablet":{"background-color":"var(--ast-global-color-5)","background-image":"","background-repeat":"repeat","background-position":"center center","background-size":"auto","background-attachment":"scroll","background-type":"","background-media":"","overlay-type":"","overlay-color":"","overlay-opacity":"","overlay-gradient":""},"mobile":{"background-color":"var(--ast-global-color-5)","background-image":"","background-repeat":"repeat","background-position":"center center","background-size":"auto","background-attachment":"scroll","background-type":"","background-media":"","overlay-type":"","overlay-color":"","overlay-opacity":"","overlay-gradient":""}}},"product_brand":[],"product_cat":[939],"product_tag":[],"class_list":{"0":"post-24226","1":"product","2":"type-product","3":"status-publish","4":"has-post-thumbnail","6":"product_cat-gravel","7":"desktop-align-center","8":"tablet-align-center","9":"mobile-align-center","11":"first","12":"instock","13":"taxable","14":"shipping-taxable","15":"purchasable","16":"product-type-variable"},"_links":{"self":[{"href":"https:\/\/www.dascenzobike.it\/wordpress\/wp-json\/wp\/v2\/product\/24226","targetHints":{"allow":["GET"]}}],"collection":[{"href":"https:\/\/www.dascenzobike.it\/wordpress\/wp-json\/wp\/v2\/product"}],"about":[{"href":"https:\/\/www.dascenzobike.it\/wordpress\/wp-json\/wp\/v2\/types\/product"}],"version-history":[{"count":0,"href":"https:\/\/www.dascenzobike.it\/wordpress\/wp-json\/wp\/v2\/product\/24226\/revisions"}],"wp:featuredmedia":[{"embeddable":true,"href":"https:\/\/www.dascenzobike.it\/wordpress\/wp-json\/wp\/v2\/media\/24230"}],"wp:attachment":[{"href":"https:\/\/www.dascenzobike.it\/wordpress\/wp-json\/wp\/v2\/media?parent=24226"}],"wp:term":[{"taxonomy":"product_brand","embeddable":true,"href":"https:\/\/www.dascenzobike.it\/wordpress\/wp-json\/wp\/v2\/product_brand?post=24226"},{"taxonomy":"product_cat","embeddable":true,"href":"https:\/\/www.dascenzobike.it\/wordpress\/wp-json\/wp\/v2\/product_cat?post=24226"},{"taxonomy":"product_tag","embeddable":true,"href":"https:\/\/www.dascenzobike.it\/wordpress\/wp-json\/wp\/v2\/product_tag?post=24226"}],"curies":[{"name":"wp","href":"https:\/\/api.w.org\/{rel}","templated":true}]}}