{"id":2666,"date":"2019-06-17T09:55:16","date_gmt":"2019-06-17T07:55:16","guid":{"rendered":"http:\/\/www.dascenzobike.it\/wordpress\/?post_type=product&#038;p=2666"},"modified":"2023-05-18T19:40:16","modified_gmt":"2023-05-18T17:40:16","slug":"pantaloncini-con-bretelle-assos-equipe-rsr-bib-shorts-s9","status":"publish","type":"product","link":"https:\/\/www.dascenzobike.it\/wordpress\/prodotto\/pantaloncini-con-bretelle-assos-equipe-rsr-bib-shorts-s9\/","title":{"rendered":"Pantaloncini con bretelle ASSOS EQUIPE RSR BIB SHORTS S9"},"content":{"rendered":"<p>Per creare questi pantaloncini con bretelle da gara ad altissime prestazioni, \u00e8 stato necessario riconsiderare l&#8217;intero concetto ed eliminare qualsiasi componente che non contribuiva all&#8217;obiettivo principale, ossia raggiungere quel livello inesplorato di unione tra velocit\u00e0 e comfort totale. Missione compiuta: siamo lieti di presentarti i pantaloncini con bretelle Equipe RSR S9.<\/p>\n<p>Nelle condizioni da gara pi\u00f9 rigide, siamo dell&#8217;opinione che la tecnologia pi\u00f9 avanzata su cui si basano i fondelli sia tanto importante quanto la struttura che l&#8217;accompagna. Considera quanti maltrattamenti subisce un paio di pantaloncini in una giornata nella routine di un ciclista durante il WorldTour: curve a gomito, transizioni improvvise da una tipologia di terreno a un&#8217;altra, scambio costante tra pedalate in sella e in piedi e ore passate a spostare il peso del corpo da un lato all&#8217;altro. Tutto questo ha un impatto sulla composizione dei pantaloncini e sul funzionamento del fondello, e, di conseguenza, sul comfort fornito da essi.<\/p>\n<p>Per mitigare questi effetti senza dover ricorrere a una riduzione del peso, il primo problema che abbiamo affrontato in questo progetto RSR \u00e8 stato quello del tessuto stesso. Ci siamo resi conto che la direzione giusta da seguire implicava la creazione di un nuovo materiale che offrisse una combinazione perfetta tra tenuta compressiva, resistenza, sensazione di morbidezza al tatto oltre al peso minore possibile. La risposta \u00e8 stata il nostro nuovissimo tessuto Type.701kompressor, successore dell&#8217;apprezzato Campionissimo kompressor S7, un tessuto intrecciato complesso soddisfacente sotto tutti i punti di vista. Utilizza filati ultrasottili con un&#8217;elasticit\u00e0 superiore, generando una trama quasi interamente priva di sfregamenti che supporta i muscoli e dona un comfort senza precedenti. Il tessuto Type.701 diventa praticamente come una seconda pelle, garantendoti una tenuta strutturale fenomenale e traspirabilit\u00e0, avvolgendo la parte bassa della schiena e le cosce senza interruzioni con una morbidezza soave.<\/p>\n<p>Impiegando questo tessuto nella prima fase del sistema A-Lock Engineering, il nostro nuovo sistema di supporto composto da nuove tecnologie che operano in armonia per fornire stabilit\u00e0 ai pantaloncini e mantenere il fondello in sede, ci siamo potuti concentrare sul disegno. Mentre la generazione S7 si componeva di quattro pannelli, la generazione S9 ne incorpora appena due, con il primo dei due a forma di farfalla che avvolge interamente le gambe, convergendo poi nella parte posteriore cos\u00ec da formare la nostra nuova struttura ergoBox. Questo design mantiene effettivamente il fondello in sede e ti avvolge con un tessuto incredibilmente comodo, che si unisce al Type.701 per offrirti la migliore vestibilit\u00e0 clickFit che abbiamo mai prodotto. Abbiamo inoltre omesso la versione RS del sistema rollBar, in modo tale da eliminare un po&#8217; di peso in pi\u00f9 e affidandoci alle propriet\u00e0 di tenuta del tessuto per la stabilit\u00e0 aggiunta. Le cinghie delle bretelle sono state inoltre ridisegnate utilizzando dappertutto un&#8217;elasticit\u00e0 calibrata, con la parte posteriore che utilizza una singola sezione di materiale elastico, ripiegato su s\u00e9 stesso, e va a formare una struttura ad A sulla schiena. Ci\u00f2 genera un&#8217;elasticit\u00e0 verticale limitata cos\u00ec da garantire maggiore stabilit\u00e0. Nella parte frontale, le cinghie sono realizzate con un materiale pi\u00f9 flessibile, composto da una trama antibatterica in fibra di carbonio, per scacciare il sudore e assicurare che rimangano piatte.<\/p>\n<p>Per quanto riguarda il fondello, ci siamo concentrati su un concetto per gare singole, un&#8217;evoluzione dei nostri Equipe Evo consolidati, che ci ha fornito la libert\u00e0 di rivalutare quali sono gli elementi pi\u00f9 importanti per ottenere un fondello da gara ottimizzato. Abbiamo ridotto la superficie complessiva per ridurne ancora di pi\u00f9 il peso, impiegato la schiuma superAir microShock con 3D waffle, incorporato il nostro sistema kraterCooler per aumentare il flusso d&#8217;aria nella parte anteriore, e preso ulteriori misure per fissare il fondello alla parte posteriore tramite il nostro stabilizzatore orizzontale brevettato. Il risultato? Comfort ASSOS totale, pi\u00f9 stabilizzato che mai, cos\u00ec come piace a te.<\/p>\n","protected":false},"excerpt":{"rendered":"<p>Per creare questi pantaloncini con bretelle da gara ad altissime prestazioni, \u00e8 stato necessario riconsiderare l&#8217;intero concetto ed eliminare qualsiasi [&hellip;]<\/p>\n","protected":false},"featured_media":2670,"template":"","meta":{"site-sidebar-layout":"default","site-content-layout":"","ast-site-content-layout":"default","site-content-style":"default","site-sidebar-style":"default","ast-global-header-display":"","ast-banner-title-visibility":"","ast-main-header-display":"","ast-hfb-above-header-display":"","ast-hfb-below-header-display":"","ast-hfb-mobile-header-display":"","site-post-title":"","ast-breadcrumbs-content":"","ast-featured-img":"","footer-sml-layout":"","ast-disable-related-posts":"","theme-transparent-header-meta":"","adv-header-id-meta":"","stick-header-meta":"","header-above-stick-meta":"","header-main-stick-meta":"","header-below-stick-meta":"","astra-migrate-meta-layouts":"default","ast-page-background-enabled":"default","ast-page-background-meta":{"desktop":{"background-color":"var(--ast-global-color-4)","background-image":"","background-repeat":"repeat","background-position":"center center","background-size":"auto","background-attachment":"scroll","background-type":"","background-media":"","overlay-type":"","overlay-color":"","overlay-opacity":"","overlay-gradient":""},"tablet":{"background-color":"","background-image":"","background-repeat":"repeat","background-position":"center center","background-size":"auto","background-attachment":"scroll","background-type":"","background-media":"","overlay-type":"","overlay-color":"","overlay-opacity":"","overlay-gradient":""},"mobile":{"background-color":"","background-image":"","background-repeat":"repeat","background-position":"center center","background-size":"auto","background-attachment":"scroll","background-type":"","background-media":"","overlay-type":"","overlay-color":"","overlay-opacity":"","overlay-gradient":""}},"ast-content-background-meta":{"desktop":{"background-color":"var(--ast-global-color-5)","background-image":"","background-repeat":"repeat","background-position":"center center","background-size":"auto","background-attachment":"scroll","background-type":"","background-media":"","overlay-type":"","overlay-color":"","overlay-opacity":"","overlay-gradient":""},"tablet":{"background-color":"var(--ast-global-color-5)","background-image":"","background-repeat":"repeat","background-position":"center center","background-size":"auto","background-attachment":"scroll","background-type":"","background-media":"","overlay-type":"","overlay-color":"","overlay-opacity":"","overlay-gradient":""},"mobile":{"background-color":"var(--ast-global-color-5)","background-image":"","background-repeat":"repeat","background-position":"center center","background-size":"auto","background-attachment":"scroll","background-type":"","background-media":"","overlay-type":"","overlay-color":"","overlay-opacity":"","overlay-gradient":""}}},"product_brand":[],"product_cat":[937,40],"product_tag":[178],"class_list":{"0":"post-2666","1":"product","2":"type-product","3":"status-publish","4":"has-post-thumbnail","6":"product_cat-pantaloncini","7":"product_cat-vestiario","8":"product_tag-pantaloncini-con-bretelle-assos-equipe-rsr-bib-shorts-s9","9":"desktop-align-center","10":"tablet-align-center","11":"mobile-align-center","13":"first","14":"instock","15":"sale","16":"taxable","17":"shipping-taxable","18":"purchasable","19":"product-type-variable"},"_links":{"self":[{"href":"https:\/\/www.dascenzobike.it\/wordpress\/wp-json\/wp\/v2\/product\/2666","targetHints":{"allow":["GET"]}}],"collection":[{"href":"https:\/\/www.dascenzobike.it\/wordpress\/wp-json\/wp\/v2\/product"}],"about":[{"href":"https:\/\/www.dascenzobike.it\/wordpress\/wp-json\/wp\/v2\/types\/product"}],"version-history":[{"count":0,"href":"https:\/\/www.dascenzobike.it\/wordpress\/wp-json\/wp\/v2\/product\/2666\/revisions"}],"wp:featuredmedia":[{"embeddable":true,"href":"https:\/\/www.dascenzobike.it\/wordpress\/wp-json\/wp\/v2\/media\/2670"}],"wp:attachment":[{"href":"https:\/\/www.dascenzobike.it\/wordpress\/wp-json\/wp\/v2\/media?parent=2666"}],"wp:term":[{"taxonomy":"product_brand","embeddable":true,"href":"https:\/\/www.dascenzobike.it\/wordpress\/wp-json\/wp\/v2\/product_brand?post=2666"},{"taxonomy":"product_cat","embeddable":true,"href":"https:\/\/www.dascenzobike.it\/wordpress\/wp-json\/wp\/v2\/product_cat?post=2666"},{"taxonomy":"product_tag","embeddable":true,"href":"https:\/\/www.dascenzobike.it\/wordpress\/wp-json\/wp\/v2\/product_tag?post=2666"}],"curies":[{"name":"wp","href":"https:\/\/api.w.org\/{rel}","templated":true}]}}